{"id":246,"date":"2022-07-15T11:26:57","date_gmt":"2022-07-15T09:26:57","guid":{"rendered":"http:\/\/www.soep-cov.de\/?page_id=246"},"modified":"2022-11-28T11:55:28","modified_gmt":"2022-11-28T10:55:28","slug":"246-2","status":"publish","type":"page","link":"https:\/\/www.soep-cov.de\/de\/246-2\/","title":{"rendered":"SOEP-CoV Spotlights"},"content":{"rendered":"\n<p class=\"has-larger-font-size\"><strong>SOEP-CoV Spotlights<\/strong><\/p>\n\n\n\n<p class=\"has-large-font-size\">Mit den <strong>SOEP-CoV Spotlights<\/strong> liefern wir kurze Analysen und Ergebnisse zu aktuellen Themen und Diskussionen.<\/p>\n\n\n\n<p class=\"has-large-font-size\"><strong>Spotlight 6: W\u00e4hrend der Corona-Pandemie halten mehr Menschen als zuvor ihre Mitmenschen f\u00fcr vertrauensw\u00fcrdig, fair und hilfsbereit&nbsp; \u2013 Ost- und Westdeutsche unterscheiden sich dabei aber<\/strong><\/p>\n\n\n\n<p class=\"has-large-font-size\">Viele wollten trotz Pandemie nicht auf ihre gebuchte Fernreise verzichten, andere machten falsche Angaben, um staatliche Hilfen zu erhalten. Gleichzeitig haben viele Menschen f\u00fcr andere eingekauft oder die lokale Gastronomie durch Spenden unterst\u00fctzt. Sind wir w\u00e4hrend der Pandemie zu einer egoistischeren oder eher einer hilfsbereiten und fairen Gesellschaft geworden?<\/p>\n\n\n\n<p class=\"has-large-font-size\"><a href=\"http:\/\/www.soep-cov.de\/266-2\/\" data-type=\"page\" data-id=\"266\"><mark style=\"background-color:rgba(0, 0, 0, 0)\" class=\"has-inline-color has-vivid-cyan-blue-color\">Zum Spotlight 6 hier klicken<\/mark><\/a> (direkter PDF-Download: <a href=\"https:\/\/www.diw.de\/documents\/dokumentenarchiv\/17\/diw_01.c.845807.de\/soep-cov_spotlight_6.pdf\"><mark style=\"background-color:rgba(0, 0, 0, 0)\" class=\"has-inline-color has-vivid-cyan-blue-color\">hier<\/mark><\/a>)<\/p>\n\n\n\n<p><\/p>\n\n\n\n<p class=\"has-large-font-size\"><\/p>\n\n\n\n<p class=\"has-large-font-size\"><strong>Spotlight 5: W\u00e4hrend der Corona-Pandemie sind die Menschen zunehmend unzufrieden mit der Freizeit, aber weiterhin zufrieden mit ihrem Schlaf<\/strong><\/p>\n\n\n\n<p class=\"has-large-font-size\">Ein Jahr nach Beginn der Corona-Pandemie ist die Zufriedenheit mit verschiedenen Lebensbereichen im Vergleich zu den Vorjahren deutlich zur\u00fcckgegangen.<\/p>\n\n\n\n<p class=\"has-large-font-size\"><a href=\"http:\/\/www.soep-cov.de\/274-2\/\" data-type=\"page\" data-id=\"274\"><mark style=\"background-color:rgba(0, 0, 0, 0)\" class=\"has-inline-color has-vivid-cyan-blue-color\">Zum Spotlight 5 hier klicken<\/mark><\/a> (direkter PDF-Download: <a href=\"https:\/\/www.diw.de\/documents\/dokumentenarchiv\/17\/diw_01.c.845805.de\/soep-cov_spotlight_5.pdf\"><mark style=\"background-color:rgba(0, 0, 0, 0)\" class=\"has-inline-color has-vivid-cyan-blue-color\">hier<\/mark><\/a>)<\/p>\n\n\n\n<p><\/p>\n\n\n\n<p><\/p>\n\n\n\n<p class=\"has-large-font-size\"><\/p>\n\n\n\n<p class=\"has-large-font-size\"><strong>Spotlight 4: Wie die (Frei-)Zeit vergeht<\/strong><\/p>\n\n\n\n<p class=\"has-large-font-size\">Wie haben die Menschen in Deutschland ihre Freizeit w\u00e4hrend dem ersten Lockdown genutzt? Insbesondere Sport, das Durchf\u00fchren von Reparaturen und Erholen haben als t\u00e4gliche Aktivit\u00e4t einen deutlichen Anstieg erfahren. K\u00fcnstlerische und musische T\u00e4tigkeiten wurden hingegen von Personen, die ihnen ohnehin selten nachgehen, g\u00e4nzlich aufgegeben. Mit Blick auf den Haushaltstyp zeigt sich die Durchf\u00fchrung von Reparaturen als beliebte Besch\u00e4ftigung f\u00fcr Paare. Das Mehr an Erholung im Alltag fanden alle Haushaltstypen au\u00dfer die Alleinerziehenden.<\/p>\n\n\n\n<p class=\"has-large-font-size\" style=\"line-height:2\"><a href=\"http:\/\/www.soep-cov.de\/311-2\/\" data-type=\"page\" data-id=\"311\"><mark style=\"background-color:rgba(0, 0, 0, 0)\" class=\"has-inline-color has-vivid-cyan-blue-color\">Zum Spotlight 4 hier klicken<\/mark><\/a> (direkter PDF-Download: <a href=\"https:\/\/www.diw.de\/documents\/dokumentenarchiv\/17\/diw_01.c.845803.de\/soep-cov_spotlight_4.pdf\"><mark style=\"background-color:rgba(0, 0, 0, 0)\" class=\"has-inline-color has-vivid-cyan-blue-color\">hier<\/mark><\/a>)<\/p>\n\n\n\n<p class=\"has-large-font-size\" style=\"line-height:1.5\"><strong><br>Spotlight 3: Alleinlebende verkraften die Pandemie erstaunlich gut<\/strong><\/p>\n\n\n\n<p class=\"has-large-font-size\">Durch die Ma\u00dfnahmen zur&nbsp; Eind\u00e4mmung der Corona-Pandemie haben die Menschen hierzulande wesentlich mehr Zeit zu Hause verbracht als zuvor. Das hat bei vielen zu psychischen Belastungen gef\u00fchrt. Wie das 3. Spotlight der SOEP-CoV-Studie zeigt, haben die Alleinlebenden den Lockdown dennoch erstaunlich gut verkraftet. Anders sieht es bei Paaren mit Kindern aus: Sie empfinden die Pandemie als besonders belastend, f\u00fchlen sich weniger wohl und sind auch unzufriedener mit ihrem Leben als in den vergangenen Jahren. Den Alleinerziehenden macht in Corona-Zeiten vor allem die Einsamkeit zu schaffen.<\/p>\n\n\n\n<p class=\"has-large-font-size\"><a href=\"https:\/\/www.diw.de\/documents\/dokumentenarchiv\/17\/diw_01.c.845801.de\/soep_cov_spotlight_3.pdf\"><mark style=\"background-color:rgba(0, 0, 0, 0)\" class=\"has-inline-color has-vivid-cyan-blue-color\">Zum Spotlight 3 hier klicken<\/mark><\/a> (PDF)<\/p>\n\n\n\n<p class=\"has-large-font-size\"><strong><br>Spotlight 2: Familienleben im Lockdown<\/strong><\/p>\n\n\n\n<p class=\"has-large-font-size\">Wie wirkt sich der Lockdown auf die Zufriedenheit mit dem Familienleben aus? Das zweite Spotlight auf Basis der SOEP-Corona-Studie (SOEP-CoV) zeigt: Familien mit Kindern sind mit der Situation zufriedener als allein Lebende im Homeoffice. Vor allem wenn sie in einer gr\u00f6\u00dferen Wohnung leben, empfinden sie den Lockdown als Belastung. Au\u00dferdem macht den M\u00e4nnern der Lockdown offenbar weniger zu schaffen als den Frauen.<\/p>\n\n\n\n<p class=\"has-large-font-size\"><a href=\"http:\/\/www.soep-cov.de\/282-2\/\" data-type=\"page\" data-id=\"282\"><mark style=\"background-color:rgba(0, 0, 0, 0)\" class=\"has-inline-color has-vivid-cyan-blue-color\">Zum Spotlight 2 hier klicken<\/mark><\/a> (direkter PDF-Download: <a href=\"https:\/\/www.diw.de\/documents\/dokumentenarchiv\/17\/diw_01.c.845797.de\/soep-cov_spotlight_2.pdf\"><mark style=\"background-color:rgba(0, 0, 0, 0)\" class=\"has-inline-color has-vivid-cyan-blue-color\">hier<\/mark><\/a>)<br><a href=\"http:\/\/www.soep-cov.de\/289-2\/\" data-type=\"page\" data-id=\"289\"><mark style=\"background-color:rgba(0, 0, 0, 0)\" class=\"has-inline-color has-vivid-cyan-blue-color\">Englische Version des Spotlight 2<\/mark><\/a> (direkter PDF-Download: <a href=\"https:\/\/www.diw.de\/documents\/dokumentenarchiv\/17\/diw_01.c.845799.de\/soep-cov_spotlight_2-en.pdf\"><mark style=\"background-color:rgba(0, 0, 0, 0)\" class=\"has-inline-color has-vivid-cyan-blue-color\">hier<\/mark><\/a>)<\/p>\n\n\n\n<p class=\"has-large-font-size\"><strong><br>Spotlight 1: Familienleben in Corona-Zeiten<\/strong><\/p>\n\n\n\n<p class=\"has-large-font-size\">Kinderbetreuung, Haushalt, Homeschooling &#8211; Die Corona-Pandemie hat in vielen Familien Mehrarbeit nach sich gezogen. Wie das erste &#8222;Spotlight&#8220; der SOEP-CoV-Studie zeigt, haben sich M\u00e4nner und Frauen diese Mehrarbeit zu fast gleichen Teilen aufgeteilt. Dar\u00fcber hinaus wurden fast alle Familien von den Schulen ihrer Kinder mit Lernmaterial versorgt. Dabei \u00fcberrascht jedoch der geringe Anteil an digitalen L\u00f6sungen: Gerade einmal 18 Prozent der Eltern haben Lernmaterial \u00fcber einen Server bzw. eine Cloud erhalten.<\/p>\n\n\n\n<p class=\"has-large-font-size\"><a href=\"http:\/\/www.soep-cov.de\/296-2\/\" data-type=\"page\" data-id=\"296\"><mark style=\"background-color:rgba(0, 0, 0, 0)\" class=\"has-inline-color has-vivid-cyan-blue-color\">Zum Spotlight 1 hier klicken<\/mark><\/a> (direkter PDF-Download: <a href=\"https:\/\/www.diw.de\/documents\/dokumentenarchiv\/17\/diw_01.c.845793.de\/soep-cov_spotlight_1.pdf\"><mark style=\"background-color:rgba(0, 0, 0, 0)\" class=\"has-inline-color has-vivid-cyan-blue-color\">hier<\/mark><\/a>)<br><a href=\"http:\/\/www.soep-cov.de\/305-2\/\" data-type=\"page\" data-id=\"305\"><mark style=\"background-color:rgba(0, 0, 0, 0)\" class=\"has-inline-color has-vivid-cyan-blue-color\">Englische Version des Spotlight 1<\/mark><\/a> (direkter PDF-Download: <a href=\"https:\/\/www.diw.de\/documents\/dokumentenarchiv\/17\/diw_01.c.845795.de\/soep-cov_spotlight_1-en.pdf\"><mark style=\"background-color:rgba(0, 0, 0, 0)\" class=\"has-inline-color has-vivid-cyan-blue-color\">hier<\/mark><\/a>)<\/p>\n\n\n\n<p><\/p>\n\n\n\n<p><\/p>\n\n\n\n<figure class=\"wp-block-image aligncenter size-full is-resized\"><img loading=\"lazy\" decoding=\"async\" src=\"http:\/\/www.soep-cov.de\/wp-content\/uploads\/2022\/07\/gefoerdert_vom_bmbf_deutsch_1.jpg\" alt=\"\" class=\"wp-image-169\" width=\"194\" height=\"129\" srcset=\"https:\/\/www.soep-cov.de\/wp-content\/uploads\/2022\/07\/gefoerdert_vom_bmbf_deutsch_1.jpg 774w, https:\/\/www.soep-cov.de\/wp-content\/uploads\/2022\/07\/gefoerdert_vom_bmbf_deutsch_1-300x199.jpg 300w, https:\/\/www.soep-cov.de\/wp-content\/uploads\/2022\/07\/gefoerdert_vom_bmbf_deutsch_1-768x510.jpg 768w, https:\/\/www.soep-cov.de\/wp-content\/uploads\/2022\/07\/gefoerdert_vom_bmbf_deutsch_1-18x12.jpg 18w\" sizes=\"auto, (max-width: 194px) 100vw, 194px\" \/><\/figure>\n","protected":false},"excerpt":{"rendered":"<p>SOEP-CoV Spotlights Mit den SOEP-CoV Spotlights liefern wir kurze Analysen und Ergebnisse zu aktuellen Themen und Diskussionen. Spotlight 6: W\u00e4hrend der Corona-Pandemie halten mehr Menschen als zuvor ihre Mitmenschen f\u00fcr vertrauensw\u00fcrdig, fair und hilfsbereit&nbsp; \u2013 Ost- und Westdeutsche unterscheiden sich dabei aber Viele wollten trotz Pandemie nicht auf ihre gebuchte Fernreise verzichten, andere machten falsche [&hellip;]<\/p>\n","protected":false},"author":3,"featured_media":0,"parent":0,"menu_order":0,"comment_status":"closed","ping_status":"closed","template":"","meta":{"footnotes":""},"class_list":["post-246","page","type-page","status-publish","hentry","wpbf-post"],"_links":{"self":[{"href":"https:\/\/www.soep-cov.de\/de\/wp-json\/wp\/v2\/pages\/246","targetHints":{"allow":["GET"]}}],"collection":[{"href":"https:\/\/www.soep-cov.de\/de\/wp-json\/wp\/v2\/pages"}],"about":[{"href":"https:\/\/www.soep-cov.de\/de\/wp-json\/wp\/v2\/types\/page"}],"author":[{"embeddable":true,"href":"https:\/\/www.soep-cov.de\/de\/wp-json\/wp\/v2\/users\/3"}],"replies":[{"embeddable":true,"href":"https:\/\/www.soep-cov.de\/de\/wp-json\/wp\/v2\/comments?post=246"}],"version-history":[{"count":32,"href":"https:\/\/www.soep-cov.de\/de\/wp-json\/wp\/v2\/pages\/246\/revisions"}],"predecessor-version":[{"id":494,"href":"https:\/\/www.soep-cov.de\/de\/wp-json\/wp\/v2\/pages\/246\/revisions\/494"}],"wp:attachment":[{"href":"https:\/\/www.soep-cov.de\/de\/wp-json\/wp\/v2\/media?parent=246"}],"curies":[{"name":"wp","href":"https:\/\/api.w.org\/{rel}","templated":true}]}}