{"id":266,"date":"2022-07-19T09:11:53","date_gmt":"2022-07-19T07:11:53","guid":{"rendered":"http:\/\/www.soep-cov.de\/?page_id=266"},"modified":"2022-11-22T10:14:13","modified_gmt":"2022-11-22T09:14:13","slug":"266-2","status":"publish","type":"page","link":"https:\/\/www.soep-cov.de\/de\/266-2\/","title":{"rendered":"SOEP-CoV Spotlight #6"},"content":{"rendered":"\n<h2 class=\"has-text-color wp-block-heading\" style=\"color:#ae393f\">SOEP-CoV Spotlight #6<\/h2>\n\n\n\n<p class=\"has-text-color has-larger-font-size\" style=\"color:#ae393f\">W\u00e4hrend der Corona-Pandemie halten mehr Menschen als zuvor ihre Mitmenschen f\u00fcr vertrauensw\u00fcrdig, fair und hilfsbereit &nbsp;\u2013 Ost- und Westdeutsche unterscheiden sich dabei aber<\/p>\n\n\n\n<p class=\"has-text-color has-large-font-size\" style=\"color:#096398\">Stefan Liebig (SOEP\/DIW Berlin)<\/p>\n\n\n\n<p class=\"has-large-font-size\">Viele wollten trotz Pandemie nicht auf ihre gebuchte Fernreise verzichten, andere machten falsche Angaben um staatliche Hilfen zu erhalten. Gleichzeitig haben viele Menschen f\u00fcr andere eingekauft oder die lokale Gastronomie durch Spenden unterst\u00fctzt. Sind wir w\u00e4hrend der Pandemie zu einer egoistischeren oder eher einer hilfsbereiten und fairen Gesellschaft geworden?<br>Eine Auswertung der SOEP-CoV-Studie zeigt: Bereits im Fr\u00fchjahr 2020 war ein im Vergleich zu 2018 deutlich gr\u00f6\u00dferer Anteil der Bev\u00f6lkerung der Meinung, dass die meisten Leute in unserer Gesellschaft vertrauensw\u00fcrdig sind. 2018 waren&nbsp; das 70% der Westdeutschen und 65% der Ostdeutschen, 2020 waren es 76% der Westdeutschen bzw. 71% der Ostdeutschen. Die Erfahrungen w\u00e4hrend der Pandemie haben dann offenbar dazu gef\u00fchrt, dass dieses Vertrauen bis zum Januar 2021 noch weiter anstieg: Jetzt waren es rund 81%&nbsp; der Westdeutschen und 76% der Ostdeutschen, die ihren Mitmenschen vertrauten. Eine \u00e4hnliche, positive Entwicklung zeigt sich mit Blick auf die Einsch\u00e4tzung , inwieweit die Mitmenschen \u201efair\u201c und \u201ehilfsbereit\u201c sind. In beiden F\u00e4llen geht zwischen 2018 und 2020 der Anteil der Befragten zur\u00fcck, die glauben, die meisten Leute w\u00fcrden sie ausn\u00fctzen, wenn sie die M\u00f6glichkeit haben oder nur ihre eigenen Interessen verfolgen. Diese positive Einsch\u00e4tzung der Mitmenschen zeigt sich auch noch im Januar 2021. Insgesamt scheint also die gemeinsame Erfahrung mit der Pandemie zu einem gr\u00f6\u00dferen zwischenmenschlichen Vertrauen und einer positiveren Sicht auf die Mitmenschen gef\u00fchrt zu haben.<\/p>\n\n\n\n<p class=\"has-text-color has-large-font-size\" style=\"color:#096398\">Abbildung: Einsch\u00e4tzung der Eigenschaften der Mitmenschen w\u00e4hrend der Pandemie<\/p>\n\n\n\n<figure class=\"wp-block-image size-full\"><img loading=\"lazy\" decoding=\"async\" width=\"809\" height=\"305\" src=\"http:\/\/www.soep-cov.de\/wp-content\/uploads\/2022\/07\/SOEP-CoV_spotlight_6.jpg\" alt=\"\" class=\"wp-image-268\" title=\"\" srcset=\"https:\/\/www.soep-cov.de\/wp-content\/uploads\/2022\/07\/SOEP-CoV_spotlight_6.jpg 809w, https:\/\/www.soep-cov.de\/wp-content\/uploads\/2022\/07\/SOEP-CoV_spotlight_6-300x113.jpg 300w, https:\/\/www.soep-cov.de\/wp-content\/uploads\/2022\/07\/SOEP-CoV_spotlight_6-768x290.jpg 768w, https:\/\/www.soep-cov.de\/wp-content\/uploads\/2022\/07\/SOEP-CoV_spotlight_6-18x7.jpg 18w\" sizes=\"auto, (max-width: 809px) 100vw, 809px\" \/><\/figure>\n\n\n\n<p><a href=\"javascript:;\"><\/a><\/p>\n\n\n\n<p class=\"has-text-color has-large-font-size\" style=\"color:#096398\">Datengrundlage SOEP-CoV<\/p>\n\n\n\n<p class=\"has-large-font-size\">Die Analysen basieren auf Daten der SOEP-CoV-Erhebung. Darin wurden Haushalte der regul\u00e4ren Befragung des Sozio-oekonomischen Panels (SOEP) in neun Stichproben (Tranchen) aufgeteilt, um w\u00e4hrend des Covid-19-bedingten ersten Lockdowns im Fr\u00fchjahr 2020 und der Zeit danach spezifische Informationen zur Lebens-situation von privaten Haushalten und Personen in Deutschland telefonisch zu erheben. Die Tranchen sind so aufgebaut, dass sie alle Privathaushalte in Deutschland hinsichtlich ihrer Zusammensetzung repr\u00e4sentativ abbilden. Im Januar 2021 wurden die Teilnehmenden aus dem Fr\u00fchjahr 2020 noch einmal telefonisch befragt.<\/p>\n\n\n\n<figure class=\"wp-block-image aligncenter size-full is-resized\"><img loading=\"lazy\" decoding=\"async\" src=\"http:\/\/www.soep-cov.de\/wp-content\/uploads\/2022\/07\/gefoerdert_vom_bmbf_deutsch_1.jpg\" alt=\"\" class=\"wp-image-169\" width=\"194\" height=\"129\" srcset=\"https:\/\/www.soep-cov.de\/wp-content\/uploads\/2022\/07\/gefoerdert_vom_bmbf_deutsch_1.jpg 774w, https:\/\/www.soep-cov.de\/wp-content\/uploads\/2022\/07\/gefoerdert_vom_bmbf_deutsch_1-300x199.jpg 300w, https:\/\/www.soep-cov.de\/wp-content\/uploads\/2022\/07\/gefoerdert_vom_bmbf_deutsch_1-768x510.jpg 768w, https:\/\/www.soep-cov.de\/wp-content\/uploads\/2022\/07\/gefoerdert_vom_bmbf_deutsch_1-18x12.jpg 18w\" sizes=\"auto, (max-width: 194px) 100vw, 194px\" \/><\/figure>\n","protected":false},"excerpt":{"rendered":"<p>SOEP-CoV Spotlight #6 W\u00e4hrend der Corona-Pandemie halten mehr Menschen als zuvor ihre Mitmenschen f\u00fcr vertrauensw\u00fcrdig, fair und hilfsbereit &nbsp;\u2013 Ost- und Westdeutsche unterscheiden sich dabei aber Stefan Liebig (SOEP\/DIW Berlin) Viele wollten trotz Pandemie nicht auf ihre gebuchte Fernreise verzichten, andere machten falsche Angaben um staatliche Hilfen zu erhalten. Gleichzeitig haben viele Menschen f\u00fcr andere [&hellip;]<\/p>\n","protected":false},"author":3,"featured_media":0,"parent":0,"menu_order":0,"comment_status":"closed","ping_status":"closed","template":"","meta":{"footnotes":""},"class_list":["post-266","page","type-page","status-publish","hentry","wpbf-post"],"_links":{"self":[{"href":"https:\/\/www.soep-cov.de\/de\/wp-json\/wp\/v2\/pages\/266","targetHints":{"allow":["GET"]}}],"collection":[{"href":"https:\/\/www.soep-cov.de\/de\/wp-json\/wp\/v2\/pages"}],"about":[{"href":"https:\/\/www.soep-cov.de\/de\/wp-json\/wp\/v2\/types\/page"}],"author":[{"embeddable":true,"href":"https:\/\/www.soep-cov.de\/de\/wp-json\/wp\/v2\/users\/3"}],"replies":[{"embeddable":true,"href":"https:\/\/www.soep-cov.de\/de\/wp-json\/wp\/v2\/comments?post=266"}],"version-history":[{"count":7,"href":"https:\/\/www.soep-cov.de\/de\/wp-json\/wp\/v2\/pages\/266\/revisions"}],"predecessor-version":[{"id":392,"href":"https:\/\/www.soep-cov.de\/de\/wp-json\/wp\/v2\/pages\/266\/revisions\/392"}],"wp:attachment":[{"href":"https:\/\/www.soep-cov.de\/de\/wp-json\/wp\/v2\/media?parent=266"}],"curies":[{"name":"wp","href":"https:\/\/api.w.org\/{rel}","templated":true}]}}