{"id":282,"date":"2022-07-19T09:53:27","date_gmt":"2022-07-19T07:53:27","guid":{"rendered":"http:\/\/www.soep-cov.de\/?page_id=282"},"modified":"2022-11-22T10:39:13","modified_gmt":"2022-11-22T09:39:13","slug":"282-2","status":"publish","type":"page","link":"https:\/\/www.soep-cov.de\/de\/282-2\/","title":{"rendered":"SOEP-CoV Spotlight #2"},"content":{"rendered":"\n<p><a rel=\"noreferrer noopener\" href=\"\/\/1879959-fix4this.strato-editor-widget.com\/Spotlight_4\/index.php\/;focus=STRATP_cm4all_com_widgets_Embed_33064237&amp;frame=STRATP_cm4all_com_widgets_Embed_33064237\" target=\"_blank\"><\/a><\/p>\n\n\n\n<h1 class=\"has-text-color has-larger-font-size wp-block-heading\" style=\"color:#ae393f\"><strong>SOEP-CoV Spotlight #2<\/strong><\/h1>\n\n\n\n<h2 class=\"has-text-color has-large-font-size wp-block-heading\" style=\"color:#096398\">Ergebnisbericht, Version: 05 Juni 2020<\/h2>\n\n\n\n<h2 class=\"has-text-color has-larger-font-size wp-block-heading\" style=\"color:#ae393f\">Familienleben im Lockdown<\/h2>\n\n\n\n<p class=\"has-text-color has-large-font-size\" style=\"color:#096398\">von Stefan Liebig<\/p>\n\n\n\n<p class=\"has-large-font-size\">Die im Zuge der Corona-Krise verordneten Ma\u00dfnahmen haben sich auch auf das Leben der Familien hierzulande ausgewirkt. Es liegt auf der Hand, dass die reduzierten Besuchs- und direkten Kontaktm\u00f6glichkeiten von Familienmitgliedern und Freunden w\u00e4hrend des Lockdowns vor allem allein lebende Personen stark getroffen haben. Doch auch Mehrpersonenhaushalte sind durch die Schlie\u00dfungen von Betreuungseinrichtungen von Kindern oder das Wegbrechen von Pflegeangeboten f\u00fcr pflegebed\u00fcrftige Familienmitglieder mit einer neuen Situation konfrontiert gewesen. Die Situation in den Familienhaushalten ist dabei\u2014zumindest anekdotisch\u2014durchaus ambivalent. Auf der einen Seite ist die neue \u201eEnge\u201c belastend, insbesondere wenn die Wohnsituation keine ausreichenden r\u00e4umlichen R\u00fcckzugsm\u00f6glichkeiten zul\u00e4sst. Auf der anderen Seite bedeutet die Eind\u00e4mmung des \u00f6ffentlichen Lebens auch, dass Familien nun mehr Zeit miteinander verbringen k\u00f6nnen und damit m\u00f6glicherweise auch das, was man als \u201equality time\u201c bezeichnet.<\/p>\n\n\n\n<p class=\"has-large-font-size\">Auch bez\u00fcglich des Familienlebens gilt: Sowohl negative als auch positive Folgen treffen nicht alle in gleicher Weise. Zum Beispiel werden Familien mit Homeoffice in einer gro\u00dfz\u00fcgigen Wohnung den Lockdown m\u00f6glicherweise besser verkraften als andere in beengten Wohnverh\u00e4ltnissen mit beiden Eltern auf Kurzarbeit oder in systemrelevanten Berufen. Dazu kommt, dass derzeit anerkannte Forscherinnen bef\u00fcrchten, dass in der Krise die traditionellen Geschlechtsmuster verst\u00e4rkt werden.<\/p>\n\n\n\n<p class=\"has-large-font-size\">Um diese Situation genauer einsch\u00e4tzen zu k\u00f6nnen, wird aktuell eine telefonische Befragung der L\u00e4ngsschnittstudie Sozio-oekonomisches Panel durchgef\u00fchrt (www.soep-cov.de). Das besondere dieser Studie ist, dass solche Haushalte befragt werden, \u00fcber die sehr vielf\u00e4ltige Informationen \u00fcber ihre Lebenssituation in den vergangenen Jahren bereits vorliegen\u2013dies reicht zum Teil bis ins Jahr 1984. Damit lassen sich die Ver\u00e4nderungen durch die aktuelle Situation sehr genau nachvollziehen und in ihrer Tragweite einsch\u00e4tzen. Dies gilt auch mit Blick auf die Zufriedenheit mit dem Familienleben.<\/p>\n\n\n\n<h3 class=\"has-text-color has-large-font-size wp-block-heading\" style=\"color:#096398\">Wie wirkt sich der Lockdown auf die Zufriedenheit mit dem Familienleben aus?<\/h3>\n\n\n\n<p class=\"has-large-font-size\">Vergleicht man die Angaben aus dem Jahr 2019 mit denen im April 2020\u2014also mitten im \u201eLock-down\u201c\u2014so sieht man, dass die Zufriedenheit mit dem Familienleben insgesamt abgenommen hat. W\u00e4hrend der Mittelwert im Jahr 2019 auf einer Skala von 0 bis 10 bei 7,8 lag, liegt er im April 2020 bei 7,5. Dass dies ein bemerkenswerter Unterschied ist, kann man durch einen Vergleich der Schwankungen \u00fcber die letzten Jahre in der folgenden Abbildung sehen: Die Werte seit 2015 waren weitgehend konstant und variierten eher auf der zweiten Nachkommastelle.<\/p>\n\n\n\n<figure class=\"wp-block-image size-large\"><img loading=\"lazy\" decoding=\"async\" width=\"1024\" height=\"737\" src=\"http:\/\/www.soep-cov.de\/wp-content\/uploads\/2022\/07\/image-1024x737.png\" alt=\"\" class=\"wp-image-283\" srcset=\"https:\/\/www.soep-cov.de\/wp-content\/uploads\/2022\/07\/image-1024x737.png 1024w, https:\/\/www.soep-cov.de\/wp-content\/uploads\/2022\/07\/image-300x216.png 300w, https:\/\/www.soep-cov.de\/wp-content\/uploads\/2022\/07\/image-768x553.png 768w, https:\/\/www.soep-cov.de\/wp-content\/uploads\/2022\/07\/image-18x12.png 18w, https:\/\/www.soep-cov.de\/wp-content\/uploads\/2022\/07\/image.png 1171w\" sizes=\"auto, (max-width: 1024px) 100vw, 1024px\" \/><\/figure>\n\n\n\n<p class=\"has-large-font-size\">Doch die entscheidende Frage ist: Trifft dies f\u00fcr alle Personen in gleicher Weise zu? Dabei interessieren uns im Folgenden vor allem die Ver\u00e4nderungen bei den aktuell erwerbst\u00e4tigen Personen. Sie sind es, die besonderen Belastungen in der Corona-Krise ausgesetzt sind, sei es, weil sie neben ihrer Erwerbst\u00e4tigkeit Kinder und andere Angeh\u00f6rige zuhause betreuen m\u00fcssen, weil sie durch das Homeoffice ver\u00e4nderte Arbeitsbedingungen in Kauf nehmen m\u00fcssen oder weil ihnen als Selbstst\u00e4ndige die Einnahmen wegbrechen.<\/p>\n\n\n\n<p class=\"has-large-font-size\">F\u00fcr die folgenden Analysen werden deshalb nur die Ver\u00e4nderungen der Zufriedenheit mit dem Familienleben f\u00fcr aktuell erwerbst\u00e4tige Personen betrachtet. Die nachfolgende Abbildung gibt die Ergebnisse eines Regressionsmodells wider, in dem wir die Ver\u00e4nderung der Zufriedenheit mit dem Familienleben von 2019 auf 2020 f\u00fcr einzelne Merkmale sch\u00e4tzen. Wiedergegeben ist die mittlere Ver\u00e4nderung der Familienzufriedenheit, die sich nach Kontrolle einer Reihe von anderen Merkmalen jeweils ergeben (marginale Effekte). Negative Werte bedeuten, dass sich bei Vorliegen des jeweiligen Merkmals die Zufriedenheit mit dem Familienleben um den jeweiligen Betrag im Mittel verringert, der Wert Null beschreibt keine Ver\u00e4nderung und positive Werte eine Zunahme der Zufriedenheit (wobei die Skala von -2,4 bis +2,4 reicht).<\/p>\n\n\n\n<figure class=\"wp-block-image size-full\"><img loading=\"lazy\" decoding=\"async\" width=\"798\" height=\"605\" src=\"http:\/\/www.soep-cov.de\/wp-content\/uploads\/2022\/07\/image-1.png\" alt=\"\" class=\"wp-image-284\" srcset=\"https:\/\/www.soep-cov.de\/wp-content\/uploads\/2022\/07\/image-1.png 798w, https:\/\/www.soep-cov.de\/wp-content\/uploads\/2022\/07\/image-1-300x227.png 300w, https:\/\/www.soep-cov.de\/wp-content\/uploads\/2022\/07\/image-1-768x582.png 768w, https:\/\/www.soep-cov.de\/wp-content\/uploads\/2022\/07\/image-1-16x12.png 16w\" sizes=\"auto, (max-width: 798px) 100vw, 798px\" \/><\/figure>\n\n\n\n<p class=\"has-large-font-size\">Insgesamt beobachten wir bei 38% der erwerbst\u00e4tigen Befragten einen R\u00fcckgang, bei 39% keine Ver\u00e4nderung und bei 23% eine Zunahme der Zufriedenheit mit dem Familienleben. Die Ver\u00e4nderung der Zufriedenheit mit dem Familienleben in der Phase des Lockdowns (April 2020) ist bei Singlehaushalten im Vergleich zu Mehrpersonenhaushalten am st\u00e4rksten. Alleinlebende Personen sind erwartungsgem\u00e4\u00df am st\u00e4rksten von den Kontakteinschr\u00e4nkungen betroffen. In Haushalten mit Kindern ist dieser R\u00fcckgang der Zufriedenheit mit dem Familienleben nicht zu beobachten. Dies gilt jedoch nicht generell. Denn in Haushalten mit Schulkindern leidet offenbar das Familienleben an der durch Schulschlie\u00dfungen hervorgerufen neuen Familiensituation. Dass dabei auch die r\u00e4umlichen Bedingungen eine Rolle spielen, zeigen die Effekte der Wohnungsgr\u00f6\u00dfe auf die Zufriedenheit mit dem Familienleben. Den st\u00e4rksten R\u00fcckgang der Zufriedenheit mit dem Familienleben ist bei Wohnungsgr\u00f6\u00dfen bis 3 Zimmer zu beobachten. Diejenigen Erwerbst\u00e4tigen, die in gr\u00f6\u00dferen Wohnungen (vier und mehr Zimmer) wohnen zeigen deutlich geringere Einbu\u00dfen in der Zufriedenheit mit dem Familienleben. Wer im Homeoffice t\u00e4tig ist, berichtet tendenziell ebenfalls eine geringere Zufriedenheit mit dem Familienleben. Dies gilt aber insbesondere f\u00fcr Personen, die alleine in einem Haushalt wohnen. Eine T\u00e4tigkeit im Homeoffice f\u00fchrt also gerade bei Alleinwohnenden zu einem Zufriedenheitsverlust mit dem Familienleben. Dies gilt in gleicher Weise f\u00fcr Selbstst\u00e4ndige. In beiden Hinsichten wirken sich die Ver\u00e4nderungen in der Erwerbssph\u00e4re offenbar unmittelbar auf die Zufriedenheit mit dem Familienleben aus. Schlie\u00dflich berichten auch Frauen ein deutlich geringeres Niveau der Zufriedenheit mit dem Familienleben als die M\u00e4nner. Da wir allein aktuell erwerbst\u00e4tige betrachten, spiegeln sich hierin die Doppelbelastung von Haushalts- bzw. Familienarbeit und Erwerbst\u00e4tigkeit wider, von der insbesondere Frauen am st\u00e4rksten betroffen sind.<\/p>\n\n\n\n<h4 class=\"has-text-color has-large-font-size wp-block-heading\" style=\"color:#096398\"><br>Fazit:<\/h4>\n\n\n\n<p class=\"has-large-font-size\">Unsere Analysen verweisen darauf, dass die Corona-Krise gerade bei Familien mit Kindern durchaus im Vergleich zum Vorjahr als weniger belastend erfahren wird. Zugleich haben Erwerbst\u00e4tige, die in Einpersonenhaushalten leben und zudem noch im Homeoffice arbeiten, die st\u00e4rksten Einschr\u00e4nkungen im Familienleben zu verkraften. M\u00f6glicherweise empfinden Alleinlebende im Homeoffice besonders als einsam und sie w\u00fcnschen sich mehr Kontakte mit Familienangeh\u00f6rigen. Dies verweist auch darauf, dass Arbeiten im Homeoffice durchaus ambivalent ist, weil es gerade bei allein lebenden Erwerbst\u00e4tigen m\u00f6glicherweise zu Gef\u00fchlen der Isolation und der Einsamkeit f\u00fchren kann\u2013es fehlen hier eben die direkten Interaktions- und Kontaktm\u00f6glichkeiten die der Arbeitsplatz bietet. Und auch mit Blick auf die Zufriedenheit mit dem Familienleben treten klassische Ungleichheitsmuster jenseits des Einkommens zutage: Wer in einer gr\u00f6\u00dferen Wohnung leben kann empfindet den Lockdown weniger belastend f\u00fcr das Familienleben. Das gleich gilt f\u00fcr M\u00e4nner, denen der Lockdown offenbar weniger zu schaffen macht\u2014 insbesondere was die Bewertung des Familienlebens anbelangt\u2014als Frauen.<\/p>\n\n\n\n<p style=\"font-size:18px\"><small><em>Anmerkungen:<\/em> (i) Daten: SOEP-CoV Tranche 1-3, 2,465 Befragte, gewichtete Ergebnisse, Berichtet werden marginale Effekte auf der Grundlage eines linearen Regressionsmodells (weitere Kovariaten: Ost\/West, Alter, Resilienz, Zufriedenheit mit dem Familienleben im Jahr 2019. (ii) In der Abbildung zu den Ergebnissen der Regression sind nur signifikante Effekte dargestellt: + p&lt;.10, * p&lt;.05, ** p&lt;.01, ***p&lt;.001. (ii) Die Ver\u00e4nderungswerte der Familienzufriedenheit werden als logarithmierte Differenzen der Zufriedenheitswerte von 2019 und 2020 errechnet. Die Zufriedenheitswerte zu den beiden Zeitpunkten werden jeweils \u00fcber eine 11-Skala (0 \u00fcberhaupt nicht zufrieden bis 10 sehr zufrieden) gemessen.<\/small><\/p>\n\n\n\n<figure class=\"wp-block-image aligncenter size-full is-resized\"><img loading=\"lazy\" decoding=\"async\" src=\"http:\/\/www.soep-cov.de\/wp-content\/uploads\/2022\/07\/gefoerdert_vom_bmbf_deutsch_1.jpg\" alt=\"\" class=\"wp-image-169\" width=\"194\" height=\"129\" srcset=\"https:\/\/www.soep-cov.de\/wp-content\/uploads\/2022\/07\/gefoerdert_vom_bmbf_deutsch_1.jpg 774w, https:\/\/www.soep-cov.de\/wp-content\/uploads\/2022\/07\/gefoerdert_vom_bmbf_deutsch_1-300x199.jpg 300w, https:\/\/www.soep-cov.de\/wp-content\/uploads\/2022\/07\/gefoerdert_vom_bmbf_deutsch_1-768x510.jpg 768w, https:\/\/www.soep-cov.de\/wp-content\/uploads\/2022\/07\/gefoerdert_vom_bmbf_deutsch_1-18x12.jpg 18w\" sizes=\"auto, (max-width: 194px) 100vw, 194px\" \/><\/figure>\n","protected":false},"excerpt":{"rendered":"<p>SOEP-CoV Spotlight #2 Ergebnisbericht, Version: 05 Juni 2020 Familienleben im Lockdown von Stefan Liebig Die im Zuge der Corona-Krise verordneten Ma\u00dfnahmen haben sich auch auf das Leben der Familien hierzulande ausgewirkt. Es liegt auf der Hand, dass die reduzierten Besuchs- und direkten Kontaktm\u00f6glichkeiten von Familienmitgliedern und Freunden w\u00e4hrend des Lockdowns vor allem allein lebende Personen [&hellip;]<\/p>\n","protected":false},"author":3,"featured_media":0,"parent":0,"menu_order":0,"comment_status":"closed","ping_status":"closed","template":"","meta":{"footnotes":""},"class_list":["post-282","page","type-page","status-publish","hentry","wpbf-post"],"_links":{"self":[{"href":"https:\/\/www.soep-cov.de\/de\/wp-json\/wp\/v2\/pages\/282","targetHints":{"allow":["GET"]}}],"collection":[{"href":"https:\/\/www.soep-cov.de\/de\/wp-json\/wp\/v2\/pages"}],"about":[{"href":"https:\/\/www.soep-cov.de\/de\/wp-json\/wp\/v2\/types\/page"}],"author":[{"embeddable":true,"href":"https:\/\/www.soep-cov.de\/de\/wp-json\/wp\/v2\/users\/3"}],"replies":[{"embeddable":true,"href":"https:\/\/www.soep-cov.de\/de\/wp-json\/wp\/v2\/comments?post=282"}],"version-history":[{"count":9,"href":"https:\/\/www.soep-cov.de\/de\/wp-json\/wp\/v2\/pages\/282\/revisions"}],"predecessor-version":[{"id":410,"href":"https:\/\/www.soep-cov.de\/de\/wp-json\/wp\/v2\/pages\/282\/revisions\/410"}],"wp:attachment":[{"href":"https:\/\/www.soep-cov.de\/de\/wp-json\/wp\/v2\/media?parent=282"}],"curies":[{"name":"wp","href":"https:\/\/api.w.org\/{rel}","templated":true}]}}