{"id":34,"date":"2022-07-06T12:42:15","date_gmt":"2022-07-06T10:42:15","guid":{"rendered":"http:\/\/www.soep-cov.de\/?page_id=34"},"modified":"2023-06-06T12:43:30","modified_gmt":"2023-06-06T10:43:30","slug":"methodik","status":"publish","type":"page","link":"https:\/\/www.soep-cov.de\/de\/methodik\/","title":{"rendered":"Methodik"},"content":{"rendered":"\n<div class=\"wp-block-group has-large-font-size is-layout-flow wp-block-group-is-layout-flow\">\n<p><strong>Das Sozio-oekonomische Panel (SOEP)<\/strong><\/p>\n\n\n\n<p>Das Sozio-\u00f6konomische Panel (SOEP) ist eine der gr\u00f6\u00dften und am l\u00e4ngsten laufenden multidisziplin\u00e4ren Panelstudien weltweit, f\u00fcr die derzeit j\u00e4hrlich etwa 30.000 Menschen in 20.000 Haushalten befragt werden. Da jedes Jahr dieselben Haushalte an der Studie teilnehmen, k\u00f6nnen die Lebensverl\u00e4ufe der Befragten verfolgt werden. Das SOEP ist eine Haushaltsstichprobe und gleichzeitig eine L\u00e4ngsschnitt- und somit Mehr-Kohortenstichprobe.<\/p>\n\n\n\n<p>Das SOEP basiert auf Zufallsstichproben, die alle Privathaushalte in Deutschland abbilden. Somit ist es hervorragend geeignet, um allgemeine Aussagen \u00fcber die Lebenswirklichkeit der Menschen in Deutschland zu treffen \u2013 und damit auch \u00fcber die Auswirkungen der Corona-Krise.<\/p>\n\n\n\n<p><strong>Stichprobe(n) &amp; Kompensation von Ausf\u00e4llen<\/strong><\/p>\n\n\n\n<p>F\u00fcr die erste Befragung von SOEP-CoV wurden die Haushalte der SOEP-Befragten in neun Stichproben (Tranchen) aufgeteilt. Diese sind so aufgebaut, dass sie alle Privathaushalte in Deutschland hinsichtlich ihrer Zusammensetzung abbilden. Die Stichproben wurden alle zwei Wochen (Stichproben 1 bis 5) bzw. jede Woche (Stichproben 5 bis 9) befragt, um den zeitlichen Ablauf der Krise und die damit einhergehenden Auswirkungen auf die Privathaushalte zu erfassen.<br>Insgesamt wurden 12.000 Haushalte darum gebeten, an der Studie \u201eSOEP-CoV\u201c teilzunehmen. Diese Haushalte verteilen sich (gerundet) wie folgt auf die neun Stichproben: 3000, 3000, 2000, 1000, 600, 600, 600, 600, 600. Das hei\u00dft, dass am Anfang des Befragungszeitraums, als erstmals strikte Kontaktbeschr\u00e4nkungen in Deutschland galten, mehr Haushalte befragt werden als gegen Ende, als die Beschr\u00e4nkungen geringer waren. Mit diesem Design trugen die Wissenschaftler*innen der Annahme Rechnung, dass die Auswirkungen der Krise am Anfang schwerwiegender waren und im Laufe der Zeit abnahmen.<\/p>\n\n\n\n<p>Diese erste Erhebung startete am 01. April 2020 und wurde am 28. Juni 2020 abgeschlossen. Insgesamt konnten Personen aus 6.694 Haushalten befragt werden. F\u00fcr die Auswertungen wurden Gewichtungsfaktoren genutzt, die Verzerrungen durch selektiven Ausfall (z.B. von zeitlich stark eingeschr\u00e4nkten Haushalten) in den berechneten Statistiken entgegenwirken. Mehr zur Gewichtung der SOEP-CoV-Daten: PDF-Version <a rel=\"noreferrer noopener\" href=\"https:\/\/www.diw.de\/documents\/publikationen\/73\/diw_01.c.796675.de\/diw_ssp0888.pdf\" target=\"_blank\"><span style=\"text-decoration: underline;\"><mark style=\"background-color:rgba(0, 0, 0, 0)\" class=\"has-inline-color has-vivid-cyan-blue-color\">auf Deutsch<\/mark><\/span><\/a> und <a rel=\"noreferrer noopener\" href=\"https:\/\/www.diw.de\/documents\/publikationen\/73\/diw_01.c.820260.de\/diw_ssp0989.pdf\" target=\"_blank\"><span style=\"text-decoration: underline;\"><mark style=\"background-color:rgba(0, 0, 0, 0)\" class=\"has-inline-color has-vivid-cyan-blue-color\">auf Englisch<\/mark><\/span><\/a>.<\/p>\n\n\n\n<p>Eine zweite Befragung der in Welle 1 teilnehmenden Personen\/Haushalte wurde vom 18. Januar bis zum 15. Februar 2021 durchgef\u00fchrt. Insgesamt wurden Personen aus 6.038 Haushalten erneut befragt.<\/p>\n\n\n\n<p><strong>Frageb\u00f6gen<\/strong><\/p>\n\n\n\n<p>Sowohl die erste Befragung (in 2020) als auch die zweite Befragung (in 2021) wurden \u00fcber computer-gest\u00fctzte telefonische Interviews (CATI) umgesetzt. Das Erhebungsinstitut Kantar Public, das auch die regul\u00e4ren Befragungen des SOEP durchf\u00fchrt, \u00fcbernimmt dabei die Feldarbeit. Befragte, die nicht unmittelbar erreicht werden k\u00f6nnen, werden \u00fcber mehrere Tage und zu verschiedenen Uhrzeiten erneut angerufen.<\/p>\n\n\n\n<p>Die Frageb\u00f6gen als PDF-Dateien zum Herunterladen:<\/p>\n\n\n\n<p>Welle 1 (April-Juni 2020)<\/p>\n\n\n\n<ul class=\"wp-block-list\">\n<li><span style=\"text-decoration: underline;\"><a href=\"https:\/\/www.diw.de\/documents\/publikationen\/73\/diw_01.c.842615.de\/diw_ssp1112.pdf\"><mark style=\"background-color:rgba(0, 0, 0, 0)\" class=\"has-inline-color has-vivid-cyan-blue-color\">Tranche 1<\/mark><\/a><\/span> <\/li>\n\n\n\n<li><span style=\"text-decoration: underline;\"><a href=\"https:\/\/www.diw.de\/documents\/publikationen\/73\/diw_01.c.842617.de\/diw_ssp1113.pdf\"><mark style=\"background-color:rgba(0, 0, 0, 0)\" class=\"has-inline-color has-vivid-cyan-blue-color\">Tranche 2 und 3<\/mark><\/a> <\/span>\/ <a href=\"https:\/\/www.diw.de\/documents\/publikationen\/73\/diw_01.c.869218.de\/diw_ssp1248.pdf\"><span style=\"text-decoration: underline;\"><mark style=\"background-color:rgba(0, 0, 0, 0)\" class=\"has-inline-color has-vivid-cyan-blue-color\">English version<\/mark><\/span><\/a><\/li>\n\n\n\n<li><span style=\"text-decoration: underline;\"><a href=\"https:\/\/www.diw.de\/documents\/publikationen\/73\/diw_01.c.842619.de\/diw_ssp1114.pdf\"><mark style=\"background-color:rgba(0, 0, 0, 0)\" class=\"has-inline-color has-vivid-cyan-blue-color\">Tranche 4<\/mark><\/a><mark style=\"background-color:rgba(0, 0, 0, 0)\" class=\"has-inline-color has-vivid-cyan-blue-color\"> <\/mark><\/span>\/ <a href=\"https:\/\/www.diw.de\/documents\/publikationen\/73\/diw_01.c.869222.de\/diw_ssp1249.pdf\"><span style=\"text-decoration: underline;\"><mark style=\"background-color:rgba(0, 0, 0, 0)\" class=\"has-inline-color has-vivid-cyan-blue-color\">English version<\/mark><\/span><\/a><\/li>\n\n\n\n<li><a href=\"https:\/\/www.diw.de\/documents\/publikationen\/73\/diw_01.c.842621.de\/diw_ssp1115.pdf\"><span style=\"text-decoration: underline;\"><mark style=\"background-color:rgba(0, 0, 0, 0)\" class=\"has-inline-color has-vivid-cyan-blue-color\">Tranche 5 und 6<\/mark><\/span><\/a> \/ <a href=\"https:\/\/www.diw.de\/documents\/publikationen\/73\/diw_01.c.869224.de\/diw_ssp1250.pdf\"><span style=\"text-decoration: underline;\"><mark style=\"background-color:rgba(0, 0, 0, 0)\" class=\"has-inline-color has-vivid-cyan-blue-color\">English version<\/mark><\/span><\/a><\/li>\n\n\n\n<li><a href=\"https:\/\/www.diw.de\/documents\/publikationen\/73\/diw_01.c.842623.de\/diw_ssp1116.pdf\"><span style=\"text-decoration: underline;\"><mark style=\"background-color:rgba(0, 0, 0, 0)\" class=\"has-inline-color has-vivid-cyan-blue-color\">Tranche 7 und 8<\/mark><\/span><\/a> \/ <a href=\"https:\/\/www.diw.de\/documents\/publikationen\/73\/diw_01.c.869226.de\/diw_ssp1251.pdf\"><span style=\"text-decoration: underline;\"><mark style=\"background-color:rgba(0, 0, 0, 0)\" class=\"has-inline-color has-vivid-cyan-blue-color\">English version<\/mark><\/span><\/a><\/li>\n\n\n\n<li><span style=\"text-decoration: underline;\"><a href=\"https:\/\/www.diw.de\/documents\/publikationen\/73\/diw_01.c.842625.de\/diw_ssp1117.pdf\"><mark style=\"background-color:rgba(0, 0, 0, 0)\" class=\"has-inline-color has-vivid-cyan-blue-color\">Tranche 9<\/mark><\/a><\/span> \/ <a href=\"https:\/\/www.diw.de\/documents\/publikationen\/73\/diw_01.c.869228.de\/diw_ssp1252.pdf\"><span style=\"text-decoration: underline;\"><mark style=\"background-color:rgba(0, 0, 0, 0)\" class=\"has-inline-color has-vivid-cyan-blue-color\">English version<\/mark><\/span><\/a><\/li>\n<\/ul>\n\n\n\n<p><br>Welle 2 (Januar\/Februar 2021)<\/p>\n\n\n\n<ul class=\"wp-block-list\">\n<li><a rel=\"noreferrer noopener\" href=\"https:\/\/www.soep-cov.de\/wp-content\/uploads\/2023\/06\/q_soep-core-2021-cov2_de.pdf\" target=\"_blank\"><span style=\"text-decoration: underline;\"><mark style=\"background-color:rgba(0, 0, 0, 0)\" class=\"has-inline-color has-vivid-cyan-blue-color\">Fragebogen Welle 2<\/mark><\/span><\/a> \/ <a rel=\"noreferrer noopener\" href=\"https:\/\/www.soep-cov.de\/wp-content\/uploads\/2023\/06\/q_soep-core-2021-cov2_en.pdf\" target=\"_blank\"><mark style=\"background-color:rgba(0, 0, 0, 0)\" class=\"has-inline-color has-vivid-cyan-blue-color\">English version<\/mark><\/a><\/li>\n<\/ul>\n\n\n\n<p class=\"has-link-color wp-elements-be72039e10c8a5954bd2c2196b16dd27\"><strong><br>Mehr \u00fcber unsere Methodik und die Studie erfahren Sie in unserer englischsprachigen <a rel=\"noreferrer noopener\" href=\"https:\/\/www.diw.de\/documents\/publikationen\/73\/diw_01.c.842706.de\/diw_ssp1133.pdf\" target=\"_blank\">Projekt- und Datendokumentation<\/a><\/strong> <strong>sowie in unserer englischsprachigen<\/strong> <strong>Fachpublikation:<\/strong><\/p>\n\n\n\n<p class=\"has-pale-cyan-blue-color has-text-color\"><a rel=\"noreferrer noopener\" href=\"https:\/\/ojs.ub.uni-konstanz.de\/srm\/article\/view\/7748\" target=\"_blank\"><span style=\"text-decoration: underline;\"><mark style=\"background-color:rgba(0, 0, 0, 0)\" class=\"has-inline-color has-vivid-cyan-blue-color\">K\u00fchne, S., Kroh, M., Liebig, S. &amp; S. Zinn, (2020): The Need for Household Panel Surveys in Times of Crisis: The Case of SOEP-CoV. In: <em>Survey Research Methods<\/em> 14(2): 195-203<\/mark><\/span>.<\/a><\/p>\n<\/div>\n\n\n\n<figure class=\"wp-block-image aligncenter size-full is-resized\"><img loading=\"lazy\" decoding=\"async\" src=\"http:\/\/www.soep-cov.de\/wp-content\/uploads\/2022\/07\/gefoerdert_vom_bmbf_deutsch_1.jpg\" alt=\"\" class=\"wp-image-169\" width=\"194\" height=\"129\" srcset=\"https:\/\/www.soep-cov.de\/wp-content\/uploads\/2022\/07\/gefoerdert_vom_bmbf_deutsch_1.jpg 774w, https:\/\/www.soep-cov.de\/wp-content\/uploads\/2022\/07\/gefoerdert_vom_bmbf_deutsch_1-300x199.jpg 300w, https:\/\/www.soep-cov.de\/wp-content\/uploads\/2022\/07\/gefoerdert_vom_bmbf_deutsch_1-768x510.jpg 768w, https:\/\/www.soep-cov.de\/wp-content\/uploads\/2022\/07\/gefoerdert_vom_bmbf_deutsch_1-18x12.jpg 18w\" sizes=\"auto, (max-width: 194px) 100vw, 194px\" \/><\/figure>\n","protected":false},"excerpt":{"rendered":"<p>Das Sozio-oekonomische Panel (SOEP) Das Sozio-\u00f6konomische Panel (SOEP) ist eine der gr\u00f6\u00dften und am l\u00e4ngsten laufenden multidisziplin\u00e4ren Panelstudien weltweit, f\u00fcr die derzeit j\u00e4hrlich etwa 30.000 Menschen in 20.000 Haushalten befragt werden. Da jedes Jahr dieselben Haushalte an der Studie teilnehmen, k\u00f6nnen die Lebensverl\u00e4ufe der Befragten verfolgt werden. Das SOEP ist eine Haushaltsstichprobe und gleichzeitig eine [&hellip;]<\/p>\n","protected":false},"author":3,"featured_media":0,"parent":0,"menu_order":2,"comment_status":"closed","ping_status":"closed","template":"","meta":{"footnotes":""},"class_list":["post-34","page","type-page","status-publish","hentry","wpbf-post"],"_links":{"self":[{"href":"https:\/\/www.soep-cov.de\/de\/wp-json\/wp\/v2\/pages\/34","targetHints":{"allow":["GET"]}}],"collection":[{"href":"https:\/\/www.soep-cov.de\/de\/wp-json\/wp\/v2\/pages"}],"about":[{"href":"https:\/\/www.soep-cov.de\/de\/wp-json\/wp\/v2\/types\/page"}],"author":[{"embeddable":true,"href":"https:\/\/www.soep-cov.de\/de\/wp-json\/wp\/v2\/users\/3"}],"replies":[{"embeddable":true,"href":"https:\/\/www.soep-cov.de\/de\/wp-json\/wp\/v2\/comments?post=34"}],"version-history":[{"count":27,"href":"https:\/\/www.soep-cov.de\/de\/wp-json\/wp\/v2\/pages\/34\/revisions"}],"predecessor-version":[{"id":538,"href":"https:\/\/www.soep-cov.de\/de\/wp-json\/wp\/v2\/pages\/34\/revisions\/538"}],"wp:attachment":[{"href":"https:\/\/www.soep-cov.de\/de\/wp-json\/wp\/v2\/media?parent=34"}],"curies":[{"name":"wp","href":"https:\/\/api.w.org\/{rel}","templated":true}]}}