{"id":39,"date":"2022-07-06T13:33:58","date_gmt":"2022-07-06T11:33:58","guid":{"rendered":"http:\/\/www.soep-cov.de\/?page_id=39"},"modified":"2022-11-28T17:19:57","modified_gmt":"2022-11-28T16:19:57","slug":"ueber-uns","status":"publish","type":"page","link":"https:\/\/www.soep-cov.de\/de\/ueber-uns\/","title":{"rendered":"\u00dcber uns"},"content":{"rendered":"\n<p class=\"has-large-font-size\">SOEP-CoV ist ein Verbundprojekt der Universit\u00e4t Bielefeld und des DIW Berlin.<\/p>\n\n\n\n<p class=\"has-large-font-size\">Das Projektteam an der Universit\u00e4t Bielefeld besteht aus Dr. Simon K\u00fchne (Co-Leiter der Studie, <a rel=\"noreferrer noopener\" href=\"https:\/\/www.simon-kuehne.de\" target=\"_blank\"><mark style=\"background-color:rgba(0, 0, 0, 0)\" class=\"has-inline-color has-vivid-cyan-blue-color\"><span style=\"text-decoration: underline;\">mehr<\/span><\/mark><\/a>) und Prof. Dr. Martin Kroh (<a rel=\"noreferrer noopener\" href=\"https:\/\/www.uni-bielefeld.de\/soz\/personen\/kroh\/\" target=\"_blank\"><mark style=\"background-color:rgba(0, 0, 0, 0)\" class=\"has-inline-color has-vivid-cyan-blue-color\"><span style=\"text-decoration: underline;\">mehr<\/span><\/mark><\/a>), die beide an der Fakult\u00e4t f\u00fcr Soziologie besch\u00e4ftigt sind.<\/p>\n\n\n\n<p class=\"has-large-font-size\">Das Projektteam am DIW Berlin (Infrastruktureinrichtung SOEP) besteht aus Dr. Markus M. Grabka (Co-Leiter der Studie), Dr. Jan Goebel, Prof. Dr. Carsten Schr\u00f6der, PD Dr. Sabine Zinn, Prof. Dr. J\u00fcrgen Schupp, Dr. Hannes Kr\u00f6ger, Dr. Theresa Entringer, Daniel Graeber und Johannes Seebauer. Mehr \u00fcber die Arbeit des SOEP erfahren Sie <a rel=\"noreferrer noopener\" href=\"https:\/\/www.diw.de\/de\/diw_01.c.615551.de\/forschungsbasierte_infrastruktureinrichtung__sozio-oekonomisches_panel__soep.html\" target=\"_blank\"><mark style=\"background-color:rgba(0, 0, 0, 0)\" class=\"has-inline-color has-vivid-cyan-blue-color\"><span style=\"text-decoration: underline;\">hier<\/span><\/mark><\/a>.<\/p>\n\n\n\n<figure class=\"wp-block-image aligncenter size-full is-resized\"><img loading=\"lazy\" decoding=\"async\" src=\"http:\/\/www.soep-cov.de\/wp-content\/uploads\/2022\/07\/gefoerdert_vom_bmbf_deutsch_1.jpg\" alt=\"\" class=\"wp-image-169\" width=\"194\" height=\"129\" srcset=\"https:\/\/www.soep-cov.de\/wp-content\/uploads\/2022\/07\/gefoerdert_vom_bmbf_deutsch_1.jpg 774w, https:\/\/www.soep-cov.de\/wp-content\/uploads\/2022\/07\/gefoerdert_vom_bmbf_deutsch_1-300x199.jpg 300w, https:\/\/www.soep-cov.de\/wp-content\/uploads\/2022\/07\/gefoerdert_vom_bmbf_deutsch_1-768x510.jpg 768w, https:\/\/www.soep-cov.de\/wp-content\/uploads\/2022\/07\/gefoerdert_vom_bmbf_deutsch_1-18x12.jpg 18w\" sizes=\"auto, (max-width: 194px) 100vw, 194px\" \/><\/figure>\n","protected":false},"excerpt":{"rendered":"<p>SOEP-CoV ist ein Verbundprojekt der Universit\u00e4t Bielefeld und des DIW Berlin. Das Projektteam an der Universit\u00e4t Bielefeld besteht aus Dr. Simon K\u00fchne (Co-Leiter der Studie, mehr) und Prof. Dr. Martin Kroh (mehr), die beide an der Fakult\u00e4t f\u00fcr Soziologie besch\u00e4ftigt sind. Das Projektteam am DIW Berlin (Infrastruktureinrichtung SOEP) besteht aus Dr. Markus M. Grabka (Co-Leiter [&hellip;]<\/p>\n","protected":false},"author":3,"featured_media":0,"parent":0,"menu_order":4,"comment_status":"closed","ping_status":"closed","template":"","meta":{"footnotes":""},"class_list":["post-39","page","type-page","status-publish","hentry","wpbf-post"],"_links":{"self":[{"href":"https:\/\/www.soep-cov.de\/de\/wp-json\/wp\/v2\/pages\/39","targetHints":{"allow":["GET"]}}],"collection":[{"href":"https:\/\/www.soep-cov.de\/de\/wp-json\/wp\/v2\/pages"}],"about":[{"href":"https:\/\/www.soep-cov.de\/de\/wp-json\/wp\/v2\/types\/page"}],"author":[{"embeddable":true,"href":"https:\/\/www.soep-cov.de\/de\/wp-json\/wp\/v2\/users\/3"}],"replies":[{"embeddable":true,"href":"https:\/\/www.soep-cov.de\/de\/wp-json\/wp\/v2\/comments?post=39"}],"version-history":[{"count":5,"href":"https:\/\/www.soep-cov.de\/de\/wp-json\/wp\/v2\/pages\/39\/revisions"}],"predecessor-version":[{"id":499,"href":"https:\/\/www.soep-cov.de\/de\/wp-json\/wp\/v2\/pages\/39\/revisions\/499"}],"wp:attachment":[{"href":"https:\/\/www.soep-cov.de\/de\/wp-json\/wp\/v2\/media?parent=39"}],"curies":[{"name":"wp","href":"https:\/\/api.w.org\/{rel}","templated":true}]}}