{"id":46,"date":"2022-07-06T13:45:27","date_gmt":"2022-07-06T11:45:27","guid":{"rendered":"http:\/\/www.soep-cov.de\/?page_id=46"},"modified":"2025-08-25T14:38:37","modified_gmt":"2025-08-25T12:38:37","slug":"kontakt","status":"publish","type":"page","link":"https:\/\/www.soep-cov.de\/de\/kontakt\/","title":{"rendered":"Kontakt"},"content":{"rendered":"\n<p class=\"has-large-font-size\"><strong>Simon K\u00fchne<\/strong>                                                                                                                                                                       <br>Universit\u00e4t Bielefeld                                                                                    Telefon: (030) 897 89 &#8211; 292         <br>Universit\u00e4tsstra\u00dfe 25                                                                                  E-Mail: soepmail [at] diw.de             <br>D-33615 Bielefeld<br>E-Mail: simon.kuehne [at] uni-bielefeld.de<\/p>\n\n\n\n<p class=\"has-large-font-size\"><\/p>\n\n\n\n<p class=\"has-large-font-size\"><strong>Markus M. Grabka<\/strong><br>DIW Berlin<br>Anton-Wilhelm-Amo-Stra\u00dfe 58<br>D-10117 Berlin<br>E-Mail: mgrabka [at] diw.de<\/p>\n\n\n\n<p><\/p>\n\n\n\n<p><\/p>\n\n\n\n<p><\/p>\n\n\n\n<h2 class=\"wp-block-heading has-larger-font-size\">Datenzugriff<\/h2>\n\n\n\n<p class=\"has-large-font-size\"><strong>SOEPhotline am DIW Berlin<\/strong> <br>Telefon: (030) 897 89 &#8211; 292 <br>E-Mail: soepmail [at] diw.de <br>Erreichbarkeit: Mo-Fr, 9 &#8211; 16 Uhr<\/p>\n\n\n\n<p class=\"has-large-font-size\"><\/p>\n\n\n\n<p><\/p>\n\n\n\n<p><\/p>\n\n\n\n<h2 class=\"wp-block-heading has-larger-font-size\">Presse<\/h2>\n\n\n\n<p class=\"has-large-font-size\"><strong>SOEP am DIW Berlin, Abteilung Kommunikation<br><\/strong>Verena Neumann, Referentin f\u00fcr Wissenstransfer &amp; Kommunikation SOEP<br>E-Mail: vneumann [at] diw.de<strong><br><br>Universit\u00e4t Bielefeld, Abteilung Medien &amp; News<\/strong><br>Telefon: (0521) 106 &#8211; 4170<br>E-Mail: medien [at] uni-bielefeld.de<br>Erreichbarkeit: Mo-Fr, 9 &#8211; 16.30 Uhr<\/p>\n\n\n\n<figure class=\"wp-block-image aligncenter size-full is-resized\"><img loading=\"lazy\" decoding=\"async\" width=\"774\" height=\"514\" src=\"http:\/\/www.soep-cov.de\/wp-content\/uploads\/2022\/07\/gefoerdert_vom_bmbf_deutsch_1.jpg\" alt=\"\" class=\"wp-image-169\" style=\"width:194px;height:129px\" srcset=\"https:\/\/www.soep-cov.de\/wp-content\/uploads\/2022\/07\/gefoerdert_vom_bmbf_deutsch_1.jpg 774w, https:\/\/www.soep-cov.de\/wp-content\/uploads\/2022\/07\/gefoerdert_vom_bmbf_deutsch_1-300x199.jpg 300w, https:\/\/www.soep-cov.de\/wp-content\/uploads\/2022\/07\/gefoerdert_vom_bmbf_deutsch_1-768x510.jpg 768w, https:\/\/www.soep-cov.de\/wp-content\/uploads\/2022\/07\/gefoerdert_vom_bmbf_deutsch_1-18x12.jpg 18w\" sizes=\"auto, (max-width: 774px) 100vw, 774px\" \/><\/figure>\n","protected":false},"excerpt":{"rendered":"<p>Simon K\u00fchne Universit\u00e4t Bielefeld Telefon: (030) 897 89 &#8211; 292 Universit\u00e4tsstra\u00dfe 25 E-Mail: soepmail [at] diw.de D-33615 BielefeldE-Mail: simon.kuehne [at] uni-bielefeld.de Markus M. GrabkaDIW BerlinAnton-Wilhelm-Amo-Stra\u00dfe 58D-10117 BerlinE-Mail: mgrabka [at] diw.de Datenzugriff SOEPhotline am DIW Berlin Telefon: (030) 897 89 &#8211; 292 E-Mail: soepmail [at] diw.de Erreichbarkeit: Mo-Fr, 9 &#8211; 16 Uhr Presse SOEP am DIW [&hellip;]<\/p>\n","protected":false},"author":3,"featured_media":0,"parent":0,"menu_order":6,"comment_status":"closed","ping_status":"closed","template":"","meta":{"footnotes":""},"class_list":["post-46","page","type-page","status-publish","hentry","wpbf-post"],"_links":{"self":[{"href":"https:\/\/www.soep-cov.de\/de\/wp-json\/wp\/v2\/pages\/46","targetHints":{"allow":["GET"]}}],"collection":[{"href":"https:\/\/www.soep-cov.de\/de\/wp-json\/wp\/v2\/pages"}],"about":[{"href":"https:\/\/www.soep-cov.de\/de\/wp-json\/wp\/v2\/types\/page"}],"author":[{"embeddable":true,"href":"https:\/\/www.soep-cov.de\/de\/wp-json\/wp\/v2\/users\/3"}],"replies":[{"embeddable":true,"href":"https:\/\/www.soep-cov.de\/de\/wp-json\/wp\/v2\/comments?post=46"}],"version-history":[{"count":18,"href":"https:\/\/www.soep-cov.de\/de\/wp-json\/wp\/v2\/pages\/46\/revisions"}],"predecessor-version":[{"id":558,"href":"https:\/\/www.soep-cov.de\/de\/wp-json\/wp\/v2\/pages\/46\/revisions\/558"}],"wp:attachment":[{"href":"https:\/\/www.soep-cov.de\/de\/wp-json\/wp\/v2\/media?parent=46"}],"curies":[{"name":"wp","href":"https:\/\/api.w.org\/{rel}","templated":true}]}}