{"id":61,"date":"2022-07-06T14:15:17","date_gmt":"2022-07-06T12:15:17","guid":{"rendered":"http:\/\/www.soep-cov.de\/?page_id=61"},"modified":"2022-11-28T11:39:38","modified_gmt":"2022-11-28T10:39:38","slug":"publikationen","status":"publish","type":"page","link":"https:\/\/www.soep-cov.de\/de\/publikationen\/","title":{"rendered":"Publikationen"},"content":{"rendered":"\n<p class=\"has-large-font-size\">Die regelm\u00e4\u00dfig erscheinenden Publikationen auf Basis der SOEP-CoV Studie finden Sie auf den folgenden Seiten:<\/p>\n\n\n\n<p class=\"has-large-font-size\"><span style=\"text-decoration: underline;\"><strong><a href=\"http:\/\/www.soep-cov.de\/151-2\/\" data-type=\"page\" data-id=\"151\">Berichte<\/a><\/strong>:<\/span> Mit unseren Berichten informieren wir Politik, Medien und interessierte \u00d6ffentlichkeit \u00fcber unsere Forschungsergebnisse. <\/p>\n\n\n\n<p class=\"has-large-font-size\"><span style=\"text-decoration: underline;\"><strong><a href=\"http:\/\/www.soep-cov.de\/246-2\/\" data-type=\"page\" data-id=\"246\">Spotlights<\/a><\/strong>:<\/span> Mit unseren Spotlights liefern wir kurze Analysen zu ausgew\u00e4hlten, spezifischen Themen und Fragen. <\/p>\n\n\n\n<p class=\"has-large-font-size\"><strong><span style=\"text-decoration: underline;\"><a href=\"http:\/\/www.soep-cov.de\/185-2\/\" data-type=\"page\" data-id=\"185\">Fachpublikationen<\/a><\/span><\/strong>: Unsere Fachpublikationen richten sich insb. an unsere Kolleginnen und Kollegen in der Wissenschaft. <\/p>\n\n\n\n<p><\/p>\n\n\n\n<figure class=\"wp-block-image aligncenter size-full is-resized\"><img loading=\"lazy\" decoding=\"async\" src=\"http:\/\/www.soep-cov.de\/wp-content\/uploads\/2022\/07\/gefoerdert_vom_bmbf_deutsch_1.jpg\" alt=\"\" class=\"wp-image-169\" width=\"194\" height=\"129\" srcset=\"https:\/\/www.soep-cov.de\/wp-content\/uploads\/2022\/07\/gefoerdert_vom_bmbf_deutsch_1.jpg 774w, https:\/\/www.soep-cov.de\/wp-content\/uploads\/2022\/07\/gefoerdert_vom_bmbf_deutsch_1-300x199.jpg 300w, https:\/\/www.soep-cov.de\/wp-content\/uploads\/2022\/07\/gefoerdert_vom_bmbf_deutsch_1-768x510.jpg 768w, https:\/\/www.soep-cov.de\/wp-content\/uploads\/2022\/07\/gefoerdert_vom_bmbf_deutsch_1-18x12.jpg 18w\" sizes=\"auto, (max-width: 194px) 100vw, 194px\" \/><\/figure>\n","protected":false},"excerpt":{"rendered":"<p>Die regelm\u00e4\u00dfig erscheinenden Publikationen auf Basis der SOEP-CoV Studie finden Sie auf den folgenden Seiten: Berichte: Mit unseren Berichten informieren wir Politik, Medien und interessierte \u00d6ffentlichkeit \u00fcber unsere Forschungsergebnisse. Spotlights: Mit unseren Spotlights liefern wir kurze Analysen zu ausgew\u00e4hlten, spezifischen Themen und Fragen. Fachpublikationen: Unsere Fachpublikationen richten sich insb. an unsere Kolleginnen und Kollegen in [&hellip;]<\/p>\n","protected":false},"author":3,"featured_media":0,"parent":0,"menu_order":3,"comment_status":"closed","ping_status":"closed","template":"","meta":{"footnotes":""},"class_list":["post-61","page","type-page","status-publish","hentry","wpbf-post"],"_links":{"self":[{"href":"https:\/\/www.soep-cov.de\/de\/wp-json\/wp\/v2\/pages\/61","targetHints":{"allow":["GET"]}}],"collection":[{"href":"https:\/\/www.soep-cov.de\/de\/wp-json\/wp\/v2\/pages"}],"about":[{"href":"https:\/\/www.soep-cov.de\/de\/wp-json\/wp\/v2\/types\/page"}],"author":[{"embeddable":true,"href":"https:\/\/www.soep-cov.de\/de\/wp-json\/wp\/v2\/users\/3"}],"replies":[{"embeddable":true,"href":"https:\/\/www.soep-cov.de\/de\/wp-json\/wp\/v2\/comments?post=61"}],"version-history":[{"count":8,"href":"https:\/\/www.soep-cov.de\/de\/wp-json\/wp\/v2\/pages\/61\/revisions"}],"predecessor-version":[{"id":483,"href":"https:\/\/www.soep-cov.de\/de\/wp-json\/wp\/v2\/pages\/61\/revisions\/483"}],"wp:attachment":[{"href":"https:\/\/www.soep-cov.de\/de\/wp-json\/wp\/v2\/media?parent=61"}],"curies":[{"name":"wp","href":"https:\/\/api.w.org\/{rel}","templated":true}]}}