{"id":42,"date":"2022-07-06T13:38:07","date_gmt":"2022-07-06T11:38:07","guid":{"rendered":"http:\/\/www.soep-cov.de\/?page_id=42"},"modified":"2022-07-13T13:31:05","modified_gmt":"2022-07-13T11:31:05","slug":"medien","status":"publish","type":"page","link":"https:\/\/www.soep-cov.de\/en\/medien\/","title":{"rendered":"Media"},"content":{"rendered":"\n<p><\/p>\n\n\n\n<div class=\"wp-block-group has-large-font-size is-layout-flow wp-block-group-is-layout-flow\">\n<h1 class=\"has-larger-font-size wp-block-heading\">Print \/ Online<\/h1>\n\n\n\n<p class=\"has-black-color has-text-color\">rbb24 Corona-Blog vom 09.09.2021<br>Psychische Gesundheit in der Pandemie: <a rel=\"noreferrer noopener\" href=\"https:\/\/www.rbb24.de\/politik\/thema\/corona\/beitraege\/2021\/09\/interview-lockdown-belastung-muetter-eltern.html\" target=\"_blank\"><mark style=\"background-color:rgba(0, 0, 0, 0)\" class=\"has-inline-color has-vivid-cyan-blue-color\"><span style=\"text-decoration: underline;\">&#8222;Frauen leiden mehr unter \u00c4ngsten und Depressionen als M\u00e4nner&#8220;<\/span><\/mark><mark style=\"background-color:rgba(0, 0, 0, 0)\" class=\"has-inline-color has-pale-cyan-blue-color\"> <\/mark><\/a>. (Interview mit Theresa Entringer)<\/p>\n\n\n\n<p>rbb24 Corona-Blog vom 08.09.2021<br><a rel=\"noreferrer noopener\" href=\"https:\/\/www.rbb24.de\/politik\/thema\/corona\/beitraege\/2021\/09\/lockdown-auswirkungen-gender-care-gap-muetter-vaeter-familie.html\" target=\"_blank\"><mark style=\"background-color:rgba(0, 0, 0, 0)\" class=\"has-inline-color has-vivid-cyan-blue-color\"><span style=\"text-decoration: underline;\">Familienleben in der Corona-Krise: Wie M\u00fctter und V\u00e4ter zwei unterschiedliche Pandemien erlebten<\/span><\/mark>&nbsp;<\/a><\/p>\n\n\n\n<p>FAZ online vom 14.07.2021<br><a rel=\"noreferrer noopener\" href=\"https:\/\/www.faz.net\/aktuell\/wirtschaft\/diw-analyse-viele-selbststaendige-schmeissen-hin-17437476.html\" target=\"_blank\"><mark style=\"background-color:rgba(0, 0, 0, 0)\" class=\"has-inline-color has-vivid-cyan-blue-color\"><span style=\"text-decoration: underline;\">Viele Selbst\u00e4ndige schmei\u00dfen hin<\/span><\/mark><\/a><\/p>\n\n\n\n<p>Zeit online vom 01.07.2021<br><a rel=\"noreferrer noopener\" href=\"https:\/\/www.zeit.de\/gesellschaft\/zeitgeschehen\/2021-06\/corona-psychische-erkrankungen-folgen-lockdown-gesundheit-studie-auswaertung\" target=\"_blank\"><span style=\"text-decoration: underline;\"><mark style=\"background-color:rgba(0, 0, 0, 0)\" class=\"has-inline-color has-vivid-cyan-blue-color\">Corona und psychische Erkrankungen: Corona-Pandemie schl\u00e4gt vor allem \u00c4rmeren auf die Psyche<\/mark><\/span><\/a><\/p>\n\n\n\n<p>Eichsfelder Nachrichten online vom 24.06.2021<br><a rel=\"noreferrer noopener\" href=\"https:\/\/www.eichsfelder-nachrichten.de\/news\/news_lang.php?ArtNr=293711\" target=\"_blank\"><mark style=\"background-color:rgba(0, 0, 0, 0)\" class=\"has-inline-color has-vivid-cyan-blue-color\"><span style=\"text-decoration: underline;\">Vertrauensvolle Menschen sind eher zur Impfung bereit<\/span><\/mark><\/a><\/p>\n\n\n\n<p>Zeit online vom 09.06.2021<br><a rel=\"noreferrer noopener\" href=\"https:\/\/www.zeit.de\/2021\/24\/stefan-liebig-soep-soziologie-deutschland-corona-jugend?fbclid=IwAR3bDDKGaktE9qcA0ioX6YQsKLWzVLHRamdqQV0EzwTMPp-J6Fuft_8fQ20\" target=\"_blank\"><mark style=\"background-color:rgba(0, 0, 0, 0)\" class=\"has-inline-color has-vivid-cyan-blue-color\"><span style=\"text-decoration: underline;\">Interview mit Stefan Liebig: Wie geht es den Deutschen?<\/span><\/mark><\/a> (nur mit Log-in)<\/p>\n\n\n\n<p>Eichsfelder Nachrichten online vom 13.05.2021<br><a rel=\"noreferrer noopener\" href=\"https:\/\/www.eichsfelder-nachrichten.de\/news\/news_lang.php?ArtNr=291587\" target=\"_blank\"><mark style=\"background-color:rgba(0, 0, 0, 0)\" class=\"has-inline-color has-vivid-cyan-blue-color\"><span style=\"text-decoration: underline;\">Schule in der Pandemie: Lernzeit der Kinder h\u00e4ngt auch vom Bildungsgrad der Eltern ab<\/span><\/mark><\/a><\/p>\n\n\n\n<p>Berliner Zeitung online vom 19.04.2021<br><a rel=\"noreferrer noopener\" href=\"https:\/\/www.berliner-zeitung.de\/gesundheit-oekologie\/studie-zu-lebenszufriedenheit-wie-geht-es-uns-in-der-pandemie-li.153615?fbclid=IwAR2Ly5iBT6pNeFnUWF8LV08vRGdP4HC5hcNhP9gxma3reFa46d6CnpV3onA\" target=\"_blank\"><mark style=\"background-color:rgba(0, 0, 0, 0)\" class=\"has-inline-color has-vivid-cyan-blue-color\"><span style=\"text-decoration: underline;\">Gesellschaftliche Entwicklung: Studie zu Lebenszufriedenheit: Wie geht es uns in der Pandemie?<\/span><\/mark><\/a><\/p>\n\n\n\n<p>Sueddeutsche Zeitung online vom 13.04.2021<br><a rel=\"noreferrer noopener\" href=\"https:\/\/www.sueddeutsche.de\/wirtschaft\/corona-selbststaendige-frauen-1.5263333\" target=\"_blank\"><span style=\"text-decoration: underline;\"><mark style=\"background-color:rgba(0, 0, 0, 0)\" class=\"has-inline-color has-vivid-cyan-blue-color\">Corona-Pandemie: Selbst\u00e4ndige Frauen leiden besonders unter der Krise<\/mark><\/span><\/a><\/p>\n\n\n\n<p>migazin vom 26.03.2021<br><a rel=\"noreferrer noopener\" href=\"https:\/\/www.migazin.de\/2021\/03\/26\/studie-gefluechtete-sind-in-der-pandemie-psychisch-stark-belastet\/\" target=\"_blank\"><mark style=\"background-color:rgba(0, 0, 0, 0)\" class=\"has-inline-color has-vivid-cyan-blue-color\"><span style=\"text-decoration: underline;\">Gefl\u00fcchtete sind in der Pandemie psychisch stark belastet<\/span><\/mark><\/a><\/p>\n\n\n\n<p>Spiegel online vom 03.11.2020<br><a rel=\"noreferrer noopener\" href=\"https:\/\/www.spiegel.de\/wirtschaft\/corona-krise-minijobber-sind-die-groessten-verlierer-a-60b2489d-df1e-468a-9477-067593fbd738\" target=\"_blank\"><span style=\"text-decoration: underline;\"><mark style=\"background-color:rgba(0, 0, 0, 0)\" class=\"has-inline-color has-vivid-cyan-blue-color\">Minijobberinnen in der Pandemie: Von 450 Euro auf null<\/mark><\/span><\/a><\/p>\n\n\n\n<p>Spiegel online vom 19.10.2020<br><a rel=\"noreferrer noopener\" href=\"https:\/\/www.spiegel.de\/wirtschaft\/soziales\/corona-wen-ein-lockdown-besonders-hart-trifft-a-3b57cabd-de02-42f7-ac47-0ebff75ba567\" target=\"_blank\"><span style=\"text-decoration: underline;\"><mark style=\"background-color:rgba(0, 0, 0, 0)\" class=\"has-inline-color has-vivid-cyan-blue-color\">Selbstst\u00e4ndige, M\u00fctter, Migranten: Wen ein Lockdown besonders hart treffen w\u00fcrde<\/mark><\/span><\/a> (nur mit Log-in)<\/p>\n\n\n\n<p>Zeit online vom 14.10.2020<br><a rel=\"noreferrer noopener\" href=\"https:\/\/www.zeit.de\/wirtschaft\/2020-10\/einsamkeit-lockdown-psychische-gesundheit-wohlbefinden-soep-studie\" target=\"_blank\"><mark style=\"background-color:rgba(0, 0, 0, 0)\" class=\"has-inline-color has-vivid-cyan-blue-color\"><span style=\"text-decoration: underline;\">Psychische Gesundheit: Einsam im Lockdown<\/span><\/mark><\/a><\/p>\n\n\n\n<p>Zeit online vom 02.09.2020<br><a rel=\"noreferrer noopener\" href=\"https:\/\/www.zeit.de\/2020\/37\/zusammenhalt-corona-krise-solidaritaet\/komplettansicht\" target=\"_blank\"><mark style=\"background-color:rgba(0, 0, 0, 0)\" class=\"has-inline-color has-vivid-cyan-blue-color\"><span style=\"text-decoration: underline;\">Zusammenhalt in Corona-Krise: Solidarit\u00e4t ist ansteckend<\/span><\/mark><\/a><\/p>\n\n\n\n<p>Der Spiegel vom 10.08.2020<br><a rel=\"noreferrer noopener\" href=\"https:\/\/www.spiegel.de\/psychologie\/die-angst-vor-corona-ist-groesser-als-das-tatsaechliche-risiko-a-80c1a0c8-c5c3-46f2-ba45-22a6270e1db8?sara_ecid=soci_upd_KsBF0AFjflf0DZCxpPYDCQgO1dEMph\" target=\"_blank\"><span style=\"text-decoration: underline;\"><mark style=\"background-color:rgba(0, 0, 0, 0)\" class=\"has-inline-color has-vivid-cyan-blue-color\">Die Furcht vor Corona ist gr\u00f6\u00dfer als das tats\u00e4chliche Risiko<\/mark><\/span><\/a><\/p>\n\n\n\n<p>Der Tagesspiegel vom 10.08.2020<br><a rel=\"noreferrer noopener\" href=\"https:\/\/www.tagesspiegel.de\/wissen\/wahrnehmung-der-infektionsgefahr-individuelles-risiko-schwer-an-corona-zu-erkranken-wird-ueberschaetzt\/26081546.html\" target=\"_blank\"><mark style=\"background-color:rgba(0, 0, 0, 0)\" class=\"has-inline-color has-vivid-cyan-blue-color\"><span style=\"text-decoration: underline;\">Wahrnehmung der Infektionsgefahr: Individuelles Risiko, schwer an Corona zu erkranken, wird \u00fcbersch\u00e4tzt<\/span><\/mark><\/a><\/p>\n\n\n\n<p>moment.at vom 13.07.2020<br><a rel=\"noreferrer noopener\" href=\"https:\/\/www.moment.at\/story\/einsamkeit-der-krise-junge-menschen-fuehlen-sich-besonders-allein\" target=\"_blank\"><span style=\"text-decoration: underline;\"><mark style=\"background-color:rgba(0, 0, 0, 0)\" class=\"has-inline-color has-vivid-cyan-blue-color\">Einsamkeit in der Krise: Junge Menschen f\u00fchlen sich besonders allein<\/mark><\/span><\/a><\/p>\n\n\n\n<p>Zeit online vom 10.07.2020<br><a rel=\"noreferrer noopener\" href=\"https:\/\/www.zeit.de\/wirtschaft\/2020-07\/corona-krisenmanagement-politik-umfrage-zufriedenheit-bundeslaender\/komplettansicht?print\" target=\"_blank\"><mark style=\"background-color:rgba(0, 0, 0, 0)\" class=\"has-inline-color has-vivid-cyan-blue-color\"><span style=\"text-decoration: underline;\">Fratzschers Verteilungsfragen \/ Corona-Krisenmanagement: Die Deutschen sind zufrieden mit dem Krisenmanagement der Politik<\/span><\/mark><\/a><\/p>\n\n\n\n<p>Sputniknews.com vom 07.07.2020<br><a rel=\"noreferrer noopener\" href=\"https:\/\/de.sputniknews.com\/gesellschaft\/20200707327466357-corona-krise-mehrheit-zufrieden\/\" target=\"_blank\"><mark style=\"background-color:rgba(0, 0, 0, 0)\" class=\"has-inline-color has-vivid-cyan-blue-color\"><span style=\"text-decoration: underline;\">Corona-Krise: Mehrheit zufrieden mit Politik, Demokratie und Einkommen \u2013 Studien<\/span><\/mark><\/a><\/p>\n\n\n\n<p>FAS vom 05.07.2020<br><a rel=\"noreferrer noopener\" href=\"https:\/\/www.faz.net\/aktuell\/wirtschaft\/vaeter-haben-waehrend-corona-viel-kinderbetreuung-uebernommen-16846157.html\" target=\"_blank\"><span style=\"text-decoration: underline;\"><mark style=\"background-color:rgba(0, 0, 0, 0)\" class=\"has-inline-color has-vivid-cyan-blue-color\">Rabenv\u00e4ter? Von wegen!<\/mark><\/span><\/a><\/p>\n\n\n\n<p>Spiegel vom 03.07.2020<br><a rel=\"noreferrer noopener\" href=\"https:\/\/www.spiegel.de\/politik\/deutschland\/maenner-in-der-corona-krise-rolle-rueckwaerts-ein-maerchen-kolumne-a-00000000-0002-0001-0000-000171875085\" target=\"_blank\"><mark style=\"background-color:rgba(0, 0, 0, 0)\" class=\"has-inline-color has-vivid-cyan-blue-color\"><span style=\"text-decoration: underline;\">Rolle r\u00fcckw\u00e4rts? Ein M\u00e4rchen<\/span><\/mark><\/a><\/p>\n\n\n\n<p>Zeit online vom 02.07.2020<br><a rel=\"noreferrer noopener\" href=\"https:\/\/www.zeit.de\/gesellschaft\/zeitgeschehen\/2020-07\/coronavirus-deutschland-vertrauen-demokratie-zusammenhalt-soep-nrw\" target=\"_blank\"><mark style=\"background-color:rgba(0, 0, 0, 0)\" class=\"has-inline-color has-vivid-cyan-blue-color\"><span style=\"text-decoration: underline;\">Deutsche haben in der Krise mehr Vertrauen in Politik und Zusammenhalt<\/span><\/mark><\/a><\/p>\n\n\n\n<p>ZDF vom 21.06.2020<br><a rel=\"noreferrer noopener\" href=\"https:\/\/www.zdf.de\/nachrichten\/panorama\/coronavirus-lockdown-gesundheit-merkel-100.html\" target=\"_blank\"><mark style=\"background-color:rgba(0, 0, 0, 0)\" class=\"has-inline-color has-vivid-cyan-blue-color\"><span style=\"text-decoration: underline;\">Studie zu Kontaktbeschr\u00e4nkungen: Wie haben die Deutschen Corona verkraftet?<\/span><\/mark><\/a><\/p>\n\n\n\n<p>FAZ vom 16.06.2020<br><a rel=\"noreferrer noopener\" href=\"https:\/\/www.faz.net\/aktuell\/wirtschaft\/selbstaendige-fuehlen-sich-in-der-corona-krise-benachteiligt-16810916.html\" target=\"_blank\"><span style=\"text-decoration: underline;\"><mark style=\"background-color:rgba(0, 0, 0, 0)\" class=\"has-inline-color has-vivid-cyan-blue-color\">Die Krise der Selbst\u00e4ndigen<\/mark><\/span><\/a> (nur mit Log-in)<\/p>\n\n\n\n<p id=\"id6AdminFormBlockElements[abschnitte_redakteure][792186]\">Stuttgarter Zeitung online vom 10.06.2020<br><a rel=\"noreferrer noopener\" href=\"https:\/\/www.stuttgarter-zeitung.de\/inhalt.corona-lockdown-studie-deutsche-sind-einsamer-vor-allem-frauen-und-juengere.d9cb097b-fcfa-4986-a709-cc51a0199eff.html\" target=\"_blank\"><mark style=\"background-color:rgba(0, 0, 0, 0)\" class=\"has-inline-color has-vivid-cyan-blue-color\"><span style=\"text-decoration: underline;\">Corona-Lockdown-Studie Deutsche sind einsamer \u2013 vor allem Frauen und J\u00fcngere<\/span><\/mark><\/a><\/p>\n\n\n\n<p id=\"id6AdminFormBlockElements[abschnitte_redakteure][792186]\">Sputniknews.com vom 09.06.2020<br><a rel=\"noreferrer noopener\" href=\"https:\/\/sptnkne.ws\/CC6r\" target=\"_blank\"><span style=\"text-decoration: underline;\"><mark style=\"background-color:rgba(0, 0, 0, 0)\" class=\"has-inline-color has-vivid-cyan-blue-color\">Einsam, aber zufrieden und ohne Angst um Gesundheit \u2013 Studie \u00fcber psychische Lage in Corona-Krise<\/mark><\/span><\/a><\/p>\n\n\n\n<p id=\"id6AdminFormBlockElements[abschnitte_redakteure][792186]\">Zeit online vom 09.06.2020<br><a rel=\"noreferrer noopener\" href=\"https:\/\/www.zeit.de\/wissen\/gesundheit\/2020-06\/coronavirus-rki-neuinfektionen-covid-19-todesfaelle-deutschland\" target=\"_blank\"><mark style=\"background-color:rgba(0, 0, 0, 0)\" class=\"has-inline-color has-vivid-cyan-blue-color\"><span style=\"text-decoration: underline;\">Lebenszufriedenheit und Wohlbefinden der Deutschen kaum gemindert<\/span><\/mark><\/a><\/p>\n\n\n\n<p id=\"id6AdminFormBlockElements[abschnitte_redakteure][792186]\">Zeit online vom 08.06.2020<br><a rel=\"noreferrer noopener\" href=\"https:\/\/www.zeit.de\/gesellschaft\/zeitgeschehen\/2020-06\/emanzipation-corona-krise-gleichstellung-soep-arbeitsteilung-belastung\" target=\"_blank\"><mark style=\"background-color:rgba(0, 0, 0, 0)\" class=\"has-inline-color has-vivid-cyan-blue-color\"><span style=\"text-decoration: underline;\">Emanzipation: Von wegen Rolle r\u00fcckw\u00e4rts<\/span><\/mark><\/a><\/p>\n\n\n\n<p id=\"id6AdminFormBlockElements[abschnitte_redakteure][792186]\">Junge Welt online vom 26.05.2020<br><a rel=\"noreferrer noopener\" href=\"https:\/\/www.jungewelt.de\/loginFailed.php?ref=\/artikel\/378995.flexibles-arbeiten-k%EC%A3%A8e-als-b%EC%B2%AF.html\" target=\"_blank\"><mark style=\"background-color:rgba(0, 0, 0, 0)\" class=\"has-inline-color has-vivid-cyan-blue-color\"><span style=\"text-decoration: underline;\">K\u00fcche als B\u00fcro: Arbeitsminister will Recht auf Homeoffice gesetzlich verankern. Wirtschaftsminister und Unternehmerverband dagegen<\/span><\/mark><\/a><\/p>\n\n\n\n<p id=\"id6AdminFormBlockElements[abschnitte_redakteure][792186]\">FAZ online vom 24.05.2020<br><a rel=\"noreferrer noopener\" href=\"https:\/\/www.faz.net\/aktuell\/wissen\/geist-soziales\/was-die-corana-pandemie-mit-der-gesellschaft-macht-16773300.html?fbclid=IwAR22UOmGLJ8nS5Nss1LP-HYs4Z16_aG37ai2caBh-DuqhbXu-4HgDKn6S0I\" target=\"_blank\"><mark style=\"background-color:rgba(0, 0, 0, 0)\" class=\"has-inline-color has-vivid-cyan-blue-color\"><span style=\"text-decoration: underline;\">Corona und die Gesellschaft: Gut geht\u2019s, aber die Familie nervt<\/span><\/mark><\/a><\/p>\n\n\n\n<p id=\"id6AdminFormBlockElements[abschnitte_redakteure][792186]\">Berliner Zeitung vom 15.05.2020<br><a rel=\"noreferrer noopener\" href=\"https:\/\/www.berliner-zeitung.de\/lernen-arbeiten\/die-angestellten-sind-in-corona-zeiten-weniger-produktiv-zu-hause-li.83569\" target=\"_blank\"><mark style=\"background-color:rgba(0, 0, 0, 0)\" class=\"has-inline-color has-vivid-cyan-blue-color\"><span style=\"text-decoration: underline;\">Angestellte sind in Corona-Zeiten weniger produktiv<\/span><\/mark><\/a><\/p>\n\n\n\n<p id=\"id6AdminFormBlockElements[abschnitte_redakteure][792186]\">Zeit online vom 11.05.2020<br><a rel=\"noreferrer noopener\" href=\"https:\/\/www.zeit.de\/wirtschaft\/2020-05\/deutsches-institut-fuer-wirtschaftsforschung-studie-besserverdiener-homeoffice\" target=\"_blank\"><mark style=\"background-color:rgba(0, 0, 0, 0)\" class=\"has-inline-color has-vivid-cyan-blue-color\"><span style=\"text-decoration: underline;\">Privilegiert hei\u00dft nicht unbedingt produktiv<\/span><\/mark><\/a><\/p>\n\n\n\n<p><\/p>\n\n\n\n<h1 class=\"has-larger-font-size wp-block-heading\">Video<\/h1>\n\n\n\n<p>Report Mainz, 06.10.2020<br>Gastronomen und Selbst\u00e4ndige k\u00e4mpfen um ihre Existenz (<a rel=\"noreferrer noopener\" href=\"https:\/\/www.ardmediathek.de\/daserste\/video\/report-mainz\/gastronomen-und-selbstaendige-kaempfen-um-ihre-existenz\/das-erste\/Y3JpZDovL3N3ci5kZS9hZXgvbzEzMTQ2MDI\/\" target=\"_blank\"><span style=\"text-decoration: underline;\"><mark style=\"background-color:rgba(0, 0, 0, 0)\" class=\"has-inline-color has-vivid-cyan-blue-color\">ARD-Mediathek<\/mark><\/span><\/a>)<\/p>\n\n\n\n<p>Veranstaltung des DIW Berlin, 18.06.2020<br>Arbeitsleben, Familie und Wohlbefinden &#8211; Wie wirkt sich die Pandemie auf unsere Gesellschaft (<a rel=\"noreferrer noopener\" href=\"https:\/\/www.youtube.com\/watch?v=C_cLoh1q-h0\" target=\"_blank\"><span style=\"text-decoration: underline;\"><mark style=\"background-color:rgba(0, 0, 0, 0)\" class=\"has-inline-color has-vivid-cyan-blue-color\">Youtube-Video<\/mark><\/span><\/a>)<\/p>\n\n\n\n<p>FU Berlin: Kolloquium &#8222;Statistische Methoden in der empirischen Forschung&#8220;, 26.05.2020<br>Die Corona Krise \u2013 Offene Wissenschaft tut Not: Studien, Methoden und Daten zu Evidenz in Epidemiologie, Therapie und Impfung (<a rel=\"noreferrer noopener\" href=\"https:\/\/www.youtube.com\/watch?v=LCtw5xCT_Mo&amp;feature=youtu.be\" target=\"_blank\"><span style=\"text-decoration: underline;\"><mark style=\"background-color:rgba(0, 0, 0, 0)\" class=\"has-inline-color has-vivid-cyan-blue-color\">Youtube-Video<\/mark><\/span><\/a>)<\/p>\n\n\n\n<p><\/p>\n\n\n\n<h1 class=\"has-larger-font-size wp-block-heading\">Audio<\/h1>\n\n\n\n<p>detector.fm vom 26.11.2020<br>Zur\u00fcck zum Thema | Ferien im Lockdown: <a rel=\"noreferrer noopener\" href=\"https:\/\/detektor.fm\/gesellschaft\/zurueck-zum-thema-care-arbeit\" target=\"_blank\"><span style=\"text-decoration: underline;\"><mark style=\"background-color:rgba(0, 0, 0, 0)\" class=\"has-inline-color has-vivid-cyan-blue-color\">Wer \u00fcbernimmt die Care-Arbeit?<\/mark><\/span><\/a> (<a rel=\"noreferrer noopener\" href=\"https:\/\/flex2.acast.com\/s\/zuruck-zum-thema-detektorfm\/u\/detektor.fm\/wp-content\/uploads\/2020\/11\/zurueck-zum-themacare-arbeit-im-lockdown.mp3\" target=\"_blank\"><span style=\"text-decoration: underline;\"><mark style=\"background-color:rgba(0, 0, 0, 0)\" class=\"has-inline-color has-vivid-cyan-blue-color\">mp3<\/mark><\/span><\/a>)<\/p>\n\n\n\n<p>WZB Kolloquium &#8211; Soziologische Perspektiven auf die Corona-Krise (30.09.2020)<br><a rel=\"noreferrer noopener\" href=\"https:\/\/coronasoziologie.blog.wzb.eu\/podcast\/michaela-kreyenfeld-und-sabine-zinn-vaeterliches-engagement-in-der-coronakrise\/\" target=\"_blank\"><mark style=\"background-color:rgba(0, 0, 0, 0)\" class=\"has-inline-color has-vivid-cyan-blue-color\"><span style=\"text-decoration: underline;\">V\u00e4terliches Engagement w\u00e4hrend der Corona-Krise<\/span><\/mark><\/a> (Audiodatei auf der Seite)<\/p>\n\n\n\n<p>rbb inforadio vom 20.10.2020<br>Daten zum Leben mit dem Coronavirus (<a rel=\"noreferrer noopener\" href=\"https:\/\/rbbmediapmdp-a.akamaihd.net\/content\/f5\/48\/f5486cbc-c231-4260-b000-99cd86cc0aea\/f5060a64-d862-44e8-bf9f-ab60f98cc86f_18227df8-99b7-4a52-b205-495a1fa63f90.mp3\" target=\"_blank\"><mark style=\"background-color:rgba(0, 0, 0, 0)\" class=\"has-inline-color has-vivid-cyan-blue-color\"><span style=\"text-decoration: underline;\">mp3<\/span><\/mark><\/a>)<\/p>\n\n\n\n<p>Deutschlandfunk vom 12.08.2020<br><span style=\"text-decoration: underline;\"><a rel=\"noreferrer noopener\" href=\"https:\/\/www.deutschlandfunk.de\/studie-zu-corona-risikobewusstsein-gruppe-der-unbesorgten.676.de.html?dram:article_id=482247\" target=\"_blank\"><mark style=\"background-color:rgba(0, 0, 0, 0)\" class=\"has-inline-color has-vivid-cyan-blue-color\">Studie zu Corona-Risikobewusstsein: \u201eGruppe der Unbesorgten gro\u00df genug, um Probleme zu verursachen\u201c<\/mark><\/a> <\/span>(<a rel=\"noreferrer noopener\" href=\"https:\/\/ondemand-mp3.dradio.de\/file\/dradio\/2020\/08\/12\/wie_gefaehrlich_ist_covid_19_deutsche_ueberschaetzen_dlf_20200812_1641_cb5c32c8.mp3\" target=\"_blank\"><span style=\"text-decoration: underline;\"><mark style=\"background-color:rgba(0, 0, 0, 0)\" class=\"has-inline-color has-vivid-cyan-blue-color\">mp3<\/mark><\/span><\/a>)<\/p>\n\n\n\n<p>Deutschlandfunk Nova vom 20.07.2020<br><a rel=\"noreferrer noopener\" href=\"https:\/\/www.deutschlandfunknova.de\/beitrag\/corona-folgen-wie-die-pandemie-unser-leben-beeinflusst\" target=\"_blank\"><mark style=\"background-color:rgba(0, 0, 0, 0)\" class=\"has-inline-color has-vivid-cyan-blue-color\"><span style=\"text-decoration: underline;\">Auswirkungen von Corona: Stabilit\u00e4t statt Spa\u00df und Abenteuer<\/span><\/mark><\/a> (<a rel=\"noreferrer noopener\" href=\"https:\/\/ondemand-mp3.dradio.de\/file\/dradio\/2020\/07\/20\/deutschlandfunknova_corona_wie_sich_unsere_20200720_4586c9d1.mp3\" target=\"_blank\"><mark style=\"background-color:rgba(0, 0, 0, 0)\" class=\"has-inline-color has-vivid-cyan-blue-color\"><span style=\"text-decoration: underline;\">mp3<\/span><\/mark><\/a>)<\/p>\n\n\n\n<p>Deutschlandfunk vom 16.06.2020<br><span style=\"text-decoration: underline;\"><a rel=\"noreferrer noopener\" href=\"https:\/\/www.deutschlandfunk.de\/lebenszufriedenheit-in-coronazeiten-forscher-einsam-aber.769.de.html?dram:article_id=478768\" target=\"_blank\"><mark style=\"background-color:rgba(0, 0, 0, 0)\" class=\"has-inline-color has-vivid-cyan-blue-color\">Lebenszufriedenheit in Coronazeiten &#8211; Forscher: Einsam, aber resilient<\/mark><\/a><\/span><mark style=\"background-color:rgba(0, 0, 0, 0)\" class=\"has-inline-color has-vivid-cyan-blue-color\"><span style=\"text-decoration: underline;\"> <\/span><\/mark>(<a rel=\"noreferrer noopener\" href=\"https:\/\/ondemand-mp3.dradio.de\/file\/dradio\/2020\/06\/16\/wie_wirkt_sich_corona_auf_die_gesellschaft_aus_eine_dlf_20200616_1713_547b98ea.mp3\" target=\"_blank\"><mark style=\"background-color:rgba(0, 0, 0, 0)\" class=\"has-inline-color has-vivid-cyan-blue-color\"><span style=\"text-decoration: underline;\">mp3<\/span><\/mark><\/a>)<\/p>\n\n\n\n<p>Digitales Kolloquium des WZB, 29.04.2020<br><span style=\"text-decoration: underline;\"><a rel=\"noreferrer noopener\" href=\"https:\/\/coronasoziologie.blog.wzb.eu\/podcast\/stefan-liebig-und-simon-kuehne-die-corona-pandemie-als-kritisches-ereignis-im-lebensverlauf-design-und-erste-ergebnisse-der-soep-cov-studie\/\" target=\"_blank\"><mark style=\"background-color:rgba(0, 0, 0, 0)\" class=\"has-inline-color has-vivid-cyan-blue-color\">Die Corona-Pandemie als kritisches Ereignis im Lebensverlauf<\/mark><\/a><mark style=\"background-color:rgba(0, 0, 0, 0)\" class=\"has-inline-color has-vivid-cyan-blue-color\"> <\/mark><\/span>(<span style=\"text-decoration: underline;\"><a rel=\"noreferrer noopener\" href=\"https:\/\/coronasoziologie.blog.wzb.eu\/podlove\/file\/30\/s\/webplayer\/c\/website\/cosoz8-liebig-kuehne.mp3\" target=\"_blank\"><mark style=\"background-color:rgba(0, 0, 0, 0)\" class=\"has-inline-color has-vivid-cyan-blue-color\">mp3<\/mark><\/a><\/span>)<\/p>\n\n\n\n<p><\/p>\n\n\n\n<p><\/p>\n\n\n\n<p><\/p>\n\n\n\n<p><\/p>\n\n\n\n<p><\/p>\n\n\n\n<p><\/p>\n\n\n\n<p><\/p>\n\n\n\n<p><\/p>\n<\/div>\n\n\n\n<figure class=\"wp-block-image aligncenter size-full is-resized\"><img loading=\"lazy\" decoding=\"async\" src=\"http:\/\/www.soep-cov.de\/wp-content\/uploads\/2022\/07\/gefoerdert_vom_bmbf_deutsch_1.jpg\" alt=\"\" class=\"wp-image-169\" width=\"194\" height=\"129\" srcset=\"https:\/\/www.soep-cov.de\/wp-content\/uploads\/2022\/07\/gefoerdert_vom_bmbf_deutsch_1.jpg 774w, https:\/\/www.soep-cov.de\/wp-content\/uploads\/2022\/07\/gefoerdert_vom_bmbf_deutsch_1-300x199.jpg 300w, https:\/\/www.soep-cov.de\/wp-content\/uploads\/2022\/07\/gefoerdert_vom_bmbf_deutsch_1-768x510.jpg 768w, https:\/\/www.soep-cov.de\/wp-content\/uploads\/2022\/07\/gefoerdert_vom_bmbf_deutsch_1-18x12.jpg 18w\" sizes=\"auto, (max-width: 194px) 100vw, 194px\" \/><\/figure>\n","protected":false},"excerpt":{"rendered":"<p>Print \/ Online rbb24 Corona-Blog vom 09.09.2021Psychische Gesundheit in der Pandemie: &#8222;Frauen leiden mehr unter \u00c4ngsten und Depressionen als M\u00e4nner&#8220; . (Interview mit Theresa Entringer) rbb24 Corona-Blog vom 08.09.2021Familienleben in der Corona-Krise: Wie M\u00fctter und V\u00e4ter zwei unterschiedliche Pandemien erlebten&nbsp; FAZ online vom 14.07.2021Viele Selbst\u00e4ndige schmei\u00dfen hin Zeit online vom 01.07.2021Corona und psychische Erkrankungen: Corona-Pandemie [&hellip;]<\/p>\n","protected":false},"author":3,"featured_media":0,"parent":0,"menu_order":5,"comment_status":"closed","ping_status":"closed","template":"","meta":{"footnotes":""},"class_list":["post-42","page","type-page","status-publish","hentry","wpbf-post"],"_links":{"self":[{"href":"https:\/\/www.soep-cov.de\/en\/wp-json\/wp\/v2\/pages\/42","targetHints":{"allow":["GET"]}}],"collection":[{"href":"https:\/\/www.soep-cov.de\/en\/wp-json\/wp\/v2\/pages"}],"about":[{"href":"https:\/\/www.soep-cov.de\/en\/wp-json\/wp\/v2\/types\/page"}],"author":[{"embeddable":true,"href":"https:\/\/www.soep-cov.de\/en\/wp-json\/wp\/v2\/users\/3"}],"replies":[{"embeddable":true,"href":"https:\/\/www.soep-cov.de\/en\/wp-json\/wp\/v2\/comments?post=42"}],"version-history":[{"count":5,"href":"https:\/\/www.soep-cov.de\/en\/wp-json\/wp\/v2\/pages\/42\/revisions"}],"predecessor-version":[{"id":178,"href":"https:\/\/www.soep-cov.de\/en\/wp-json\/wp\/v2\/pages\/42\/revisions\/178"}],"wp:attachment":[{"href":"https:\/\/www.soep-cov.de\/en\/wp-json\/wp\/v2\/media?parent=42"}],"curies":[{"name":"wp","href":"https:\/\/api.w.org\/{rel}","templated":true}]}}